{"id":27828,"date":"2024-10-02T20:01:59","date_gmt":"2024-10-03T00:01:59","guid":{"rendered":"https:\/\/kccpositivebusinesspsychology.com\/product\/mon-style-personnel-en-gestion-du-temps-time-management-personality\/"},"modified":"2025-03-06T16:23:33","modified_gmt":"2025-03-06T20:23:33","slug":"mon-style-personnel-en-gestion-du-temps-time-management-personality","status":"publish","type":"product","link":"https:\/\/kccpositivebusinesspsychology.com\/fr\/produit\/mon-style-personnel-en-gestion-du-temps-time-management-personality\/","title":{"rendered":"MON STYLE PERSONNEL EN GESTION DU TEMPS &#8211; TIME MANAGEMENT PERSONALITY"},"content":{"rendered":"","protected":false},"excerpt":{"rendered":"<p>Find out more about your personal <strong>time and space management<\/strong> style by completing this short 10-minute questionnaire.<\/p>\n<p>Are you more of a neat freak hopper or a total mess perfectionist or even a total mess hopper?! There are many possibilities. Discover your own style by completing the questionnaire.<\/p>\n<p>Your report will be sent to you within 24 hours.<\/p>\n<p><strong>\u00a0<\/strong><\/p>\n<p>D\u00e9couvrez votre style de fonctionnement personnel en <strong>gestion du temps<\/strong> et de<strong> l\u2019espace<\/strong> en remplissant ce court questionnaire d\u2019environ 10 minutes.<\/p>\n<p>\u00cates-vous plus du style sauterelle maniaque de l\u2019ordre ou bien perfectionniste d\u00e9sordonn\u00e9 ou encore sauterelle d\u00e9sordonn\u00e9e?! Il y a plusieurs possibilit\u00e9s. D\u00e9couvrez votre propre style en compl\u00e9tant le questionnaire.<\/p>\n<p>Votre rapport vous sera envoy\u00e9 dans un d\u00e9lai de 24 heures.<\/p>\n","protected":false},"featured_media":27566,"template":"","meta":{"content-type":""},"product_brand":[],"product_cat":[398,399,381],"product_tag":[],"class_list":{"0":"post-27828","1":"product","2":"type-product","3":"status-publish","4":"has-post-thumbnail","6":"product_cat-english-fr","7":"product_cat-francais-fr","8":"product_cat-questionnaires","10":"first","11":"instock","12":"taxable","13":"shipping-taxable","14":"purchasable","15":"product-type-simple"},"yoast_head":"<!-- This site is optimized with the Yoast SEO plugin v27.6 - https:\/\/yoast.com\/product\/yoast-seo-wordpress\/ -->\n<title>MON STYLE PERSONNEL EN GESTION DU TEMPS - TIME MANAGEMENT PERSONALITY &#8211; KCC Positive Business Psychology<\/title>\n<meta name=\"robots\" content=\"index, follow, max-snippet:-1, max-image-preview:large, max-video-preview:-1\" \/>\n<link rel=\"canonical\" href=\"https:\/\/kccpositivebusinesspsychology.com\/fr\/produit\/mon-style-personnel-en-gestion-du-temps-time-management-personality\/\" \/>\n<meta property=\"og:locale\" content=\"fr_FR\" \/>\n<meta property=\"og:type\" content=\"article\" \/>\n<meta property=\"og:title\" content=\"MON STYLE PERSONNEL EN GESTION DU TEMPS - TIME MANAGEMENT PERSONALITY &#8211; KCC Positive Business Psychology\" \/>\n<meta property=\"og:description\" content=\"Find out more about your personal time and space management style by completing this short 10-minute questionnaire.  Are you more of a neat freak hopper or a total mess perfectionist or even a total mess hopper?! There are many possibilities. Discover your own style by completing the questionnaire.  Your report will be sent to you within 24 hours.  \u00a0  D\u00e9couvrez votre style de fonctionnement personnel en gestion du temps et de l\u2019espace en remplissant ce court questionnaire d\u2019environ 10 minutes.  \u00cates-vous plus du style sauterelle maniaque de l\u2019ordre ou bien perfectionniste d\u00e9sordonn\u00e9 ou encore sauterelle d\u00e9sordonn\u00e9e?! Il y a plusieurs possibilit\u00e9s. D\u00e9couvrez votre propre style en compl\u00e9tant le questionnaire.  Votre rapport vous sera envoy\u00e9 dans un d\u00e9lai de 24 heures.\" \/>\n<meta property=\"og:url\" content=\"https:\/\/kccpositivebusinesspsychology.com\/fr\/produit\/mon-style-personnel-en-gestion-du-temps-time-management-personality\/\" \/>\n<meta property=\"og:site_name\" content=\"KCC Positive Business Psychology\" \/>\n<meta property=\"article:publisher\" content=\"https:\/\/www.facebook.com\/KeladaCC\/\" \/>\n<meta property=\"article:modified_time\" content=\"2025-03-06T20:23:33+00:00\" \/>\n<meta property=\"og:image\" content=\"https:\/\/kccpositivebusinesspsychology.com\/wp-content\/uploads\/2024\/10\/GT.png\" \/>\n\t<meta property=\"og:image:width\" content=\"500\" \/>\n\t<meta property=\"og:image:height\" content=\"500\" \/>\n\t<meta property=\"og:image:type\" content=\"image\/png\" \/>\n<meta name=\"twitter:card\" content=\"summary_large_image\" \/>\n<meta name=\"twitter:site\" content=\"@ikelada\" \/>\n<meta name=\"twitter:label1\" content=\"Dur\u00e9e de lecture estim\u00e9e\" \/>\n\t<meta name=\"twitter:data1\" content=\"1 minute\" \/>\n<script type=\"application\/ld+json\" class=\"yoast-schema-graph\">{\"@context\":\"https:\\\/\\\/schema.org\",\"@graph\":[{\"@type\":\"WebPage\",\"@id\":\"https:\\\/\\\/kccpositivebusinesspsychology.com\\\/fr\\\/produit\\\/mon-style-personnel-en-gestion-du-temps-time-management-personality\\\/\",\"url\":\"https:\\\/\\\/kccpositivebusinesspsychology.com\\\/fr\\\/produit\\\/mon-style-personnel-en-gestion-du-temps-time-management-personality\\\/\",\"name\":\"MON STYLE PERSONNEL EN GESTION DU TEMPS - TIME MANAGEMENT PERSONALITY &#8211; KCC Positive Business Psychology\",\"isPartOf\":{\"@id\":\"https:\\\/\\\/kccpositivebusinesspsychology.com\\\/fr\\\/#website\"},\"primaryImageOfPage\":{\"@id\":\"https:\\\/\\\/kccpositivebusinesspsychology.com\\\/fr\\\/produit\\\/mon-style-personnel-en-gestion-du-temps-time-management-personality\\\/#primaryimage\"},\"image\":{\"@id\":\"https:\\\/\\\/kccpositivebusinesspsychology.com\\\/fr\\\/produit\\\/mon-style-personnel-en-gestion-du-temps-time-management-personality\\\/#primaryimage\"},\"thumbnailUrl\":\"https:\\\/\\\/kccpositivebusinesspsychology.com\\\/wp-content\\\/uploads\\\/2024\\\/10\\\/GT.png\",\"datePublished\":\"2024-10-03T00:01:59+00:00\",\"dateModified\":\"2025-03-06T20:23:33+00:00\",\"breadcrumb\":{\"@id\":\"https:\\\/\\\/kccpositivebusinesspsychology.com\\\/fr\\\/produit\\\/mon-style-personnel-en-gestion-du-temps-time-management-personality\\\/#breadcrumb\"},\"inLanguage\":\"fr-FR\",\"potentialAction\":[{\"@type\":\"ReadAction\",\"target\":[\"https:\\\/\\\/kccpositivebusinesspsychology.com\\\/fr\\\/produit\\\/mon-style-personnel-en-gestion-du-temps-time-management-personality\\\/\"]}]},{\"@type\":\"ImageObject\",\"inLanguage\":\"fr-FR\",\"@id\":\"https:\\\/\\\/kccpositivebusinesspsychology.com\\\/fr\\\/produit\\\/mon-style-personnel-en-gestion-du-temps-time-management-personality\\\/#primaryimage\",\"url\":\"https:\\\/\\\/kccpositivebusinesspsychology.com\\\/wp-content\\\/uploads\\\/2024\\\/10\\\/GT.png\",\"contentUrl\":\"https:\\\/\\\/kccpositivebusinesspsychology.com\\\/wp-content\\\/uploads\\\/2024\\\/10\\\/GT.png\",\"width\":500,\"height\":500},{\"@type\":\"BreadcrumbList\",\"@id\":\"https:\\\/\\\/kccpositivebusinesspsychology.com\\\/fr\\\/produit\\\/mon-style-personnel-en-gestion-du-temps-time-management-personality\\\/#breadcrumb\",\"itemListElement\":[{\"@type\":\"ListItem\",\"position\":1,\"name\":\"Home\",\"item\":\"https:\\\/\\\/kccpositivebusinesspsychology.com\\\/fr\\\/\"},{\"@type\":\"ListItem\",\"position\":2,\"name\":\"Boutique\",\"item\":\"https:\\\/\\\/kccpositivebusinesspsychology.com\\\/fr\\\/boutique\\\/\"},{\"@type\":\"ListItem\",\"position\":3,\"name\":\"MON STYLE PERSONNEL EN GESTION DU TEMPS &#8211; TIME MANAGEMENT PERSONALITY\"}]},{\"@type\":\"WebSite\",\"@id\":\"https:\\\/\\\/kccpositivebusinesspsychology.com\\\/fr\\\/#website\",\"url\":\"https:\\\/\\\/kccpositivebusinesspsychology.com\\\/fr\\\/\",\"name\":\"KCC Positive Business Psychology\",\"description\":\"Attirer, D\u00e9velopper et Retenir les Meilleurs Talents !\",\"publisher\":{\"@id\":\"https:\\\/\\\/kccpositivebusinesspsychology.com\\\/fr\\\/#organization\"},\"potentialAction\":[{\"@type\":\"SearchAction\",\"target\":{\"@type\":\"EntryPoint\",\"urlTemplate\":\"https:\\\/\\\/kccpositivebusinesspsychology.com\\\/fr\\\/?s={search_term_string}\"},\"query-input\":{\"@type\":\"PropertyValueSpecification\",\"valueRequired\":true,\"valueName\":\"search_term_string\"}}],\"inLanguage\":\"fr-FR\"},{\"@type\":\"Organization\",\"@id\":\"https:\\\/\\\/kccpositivebusinesspsychology.com\\\/fr\\\/#organization\",\"name\":\"KCC Psychologie positive organisationnelle\",\"url\":\"https:\\\/\\\/kccpositivebusinesspsychology.com\\\/fr\\\/\",\"logo\":{\"@type\":\"ImageObject\",\"inLanguage\":\"fr-FR\",\"@id\":\"https:\\\/\\\/kccpositivebusinesspsychology.com\\\/fr\\\/#\\\/schema\\\/logo\\\/image\\\/\",\"url\":\"https:\\\/\\\/kccpositivebusinesspsychology.com\\\/wp-content\\\/uploads\\\/2019\\\/10\\\/k.png\",\"contentUrl\":\"https:\\\/\\\/kccpositivebusinesspsychology.com\\\/wp-content\\\/uploads\\\/2019\\\/10\\\/k.png\",\"width\":500,\"height\":500,\"caption\":\"KCC Psychologie positive organisationnelle\"},\"image\":{\"@id\":\"https:\\\/\\\/kccpositivebusinesspsychology.com\\\/fr\\\/#\\\/schema\\\/logo\\\/image\\\/\"},\"sameAs\":[\"https:\\\/\\\/www.facebook.com\\\/KeladaCC\\\/\",\"https:\\\/\\\/x.com\\\/ikelada\",\"https:\\\/\\\/www.instagram.com\\\/ikelada21days\\\/\",\"https:\\\/\\\/www.linkedin.com\\\/in\\\/ingridkelada\\\/\",\"https:\\\/\\\/www.pinterest.com\\\/21daystohappiness\\\/\",\"https:\\\/\\\/www.youtube.com\\\/channel\\\/UCSUlaj4G8EmrDurlLV-FF7w\"]}]}<\/script>\n<!-- \/ Yoast SEO plugin. -->","yoast_head_json":{"title":"MON STYLE PERSONNEL EN GESTION DU TEMPS - TIME MANAGEMENT PERSONALITY &#8211; KCC Positive Business Psychology","robots":{"index":"index","follow":"follow","max-snippet":"max-snippet:-1","max-image-preview":"max-image-preview:large","max-video-preview":"max-video-preview:-1"},"canonical":"https:\/\/kccpositivebusinesspsychology.com\/fr\/produit\/mon-style-personnel-en-gestion-du-temps-time-management-personality\/","og_locale":"fr_FR","og_type":"article","og_title":"MON STYLE PERSONNEL EN GESTION DU TEMPS - TIME MANAGEMENT PERSONALITY &#8211; KCC Positive Business Psychology","og_description":"Find out more about your personal time and space management style by completing this short 10-minute questionnaire.  Are you more of a neat freak hopper or a total mess perfectionist or even a total mess hopper?! There are many possibilities. Discover your own style by completing the questionnaire.  Your report will be sent to you within 24 hours.  \u00a0  D\u00e9couvrez votre style de fonctionnement personnel en gestion du temps et de l\u2019espace en remplissant ce court questionnaire d\u2019environ 10 minutes.  \u00cates-vous plus du style sauterelle maniaque de l\u2019ordre ou bien perfectionniste d\u00e9sordonn\u00e9 ou encore sauterelle d\u00e9sordonn\u00e9e?! Il y a plusieurs possibilit\u00e9s. D\u00e9couvrez votre propre style en compl\u00e9tant le questionnaire.  Votre rapport vous sera envoy\u00e9 dans un d\u00e9lai de 24 heures.","og_url":"https:\/\/kccpositivebusinesspsychology.com\/fr\/produit\/mon-style-personnel-en-gestion-du-temps-time-management-personality\/","og_site_name":"KCC Positive Business Psychology","article_publisher":"https:\/\/www.facebook.com\/KeladaCC\/","article_modified_time":"2025-03-06T20:23:33+00:00","og_image":[{"width":500,"height":500,"url":"https:\/\/kccpositivebusinesspsychology.com\/wp-content\/uploads\/2024\/10\/GT.png","type":"image\/png"}],"twitter_card":"summary_large_image","twitter_site":"@ikelada","twitter_misc":{"Dur\u00e9e de lecture estim\u00e9e":"1 minute"},"schema":{"@context":"https:\/\/schema.org","@graph":[{"@type":"WebPage","@id":"https:\/\/kccpositivebusinesspsychology.com\/fr\/produit\/mon-style-personnel-en-gestion-du-temps-time-management-personality\/","url":"https:\/\/kccpositivebusinesspsychology.com\/fr\/produit\/mon-style-personnel-en-gestion-du-temps-time-management-personality\/","name":"MON STYLE PERSONNEL EN GESTION DU TEMPS - TIME MANAGEMENT PERSONALITY &#8211; KCC Positive Business Psychology","isPartOf":{"@id":"https:\/\/kccpositivebusinesspsychology.com\/fr\/#website"},"primaryImageOfPage":{"@id":"https:\/\/kccpositivebusinesspsychology.com\/fr\/produit\/mon-style-personnel-en-gestion-du-temps-time-management-personality\/#primaryimage"},"image":{"@id":"https:\/\/kccpositivebusinesspsychology.com\/fr\/produit\/mon-style-personnel-en-gestion-du-temps-time-management-personality\/#primaryimage"},"thumbnailUrl":"https:\/\/kccpositivebusinesspsychology.com\/wp-content\/uploads\/2024\/10\/GT.png","datePublished":"2024-10-03T00:01:59+00:00","dateModified":"2025-03-06T20:23:33+00:00","breadcrumb":{"@id":"https:\/\/kccpositivebusinesspsychology.com\/fr\/produit\/mon-style-personnel-en-gestion-du-temps-time-management-personality\/#breadcrumb"},"inLanguage":"fr-FR","potentialAction":[{"@type":"ReadAction","target":["https:\/\/kccpositivebusinesspsychology.com\/fr\/produit\/mon-style-personnel-en-gestion-du-temps-time-management-personality\/"]}]},{"@type":"ImageObject","inLanguage":"fr-FR","@id":"https:\/\/kccpositivebusinesspsychology.com\/fr\/produit\/mon-style-personnel-en-gestion-du-temps-time-management-personality\/#primaryimage","url":"https:\/\/kccpositivebusinesspsychology.com\/wp-content\/uploads\/2024\/10\/GT.png","contentUrl":"https:\/\/kccpositivebusinesspsychology.com\/wp-content\/uploads\/2024\/10\/GT.png","width":500,"height":500},{"@type":"BreadcrumbList","@id":"https:\/\/kccpositivebusinesspsychology.com\/fr\/produit\/mon-style-personnel-en-gestion-du-temps-time-management-personality\/#breadcrumb","itemListElement":[{"@type":"ListItem","position":1,"name":"Home","item":"https:\/\/kccpositivebusinesspsychology.com\/fr\/"},{"@type":"ListItem","position":2,"name":"Boutique","item":"https:\/\/kccpositivebusinesspsychology.com\/fr\/boutique\/"},{"@type":"ListItem","position":3,"name":"MON STYLE PERSONNEL EN GESTION DU TEMPS &#8211; TIME MANAGEMENT PERSONALITY"}]},{"@type":"WebSite","@id":"https:\/\/kccpositivebusinesspsychology.com\/fr\/#website","url":"https:\/\/kccpositivebusinesspsychology.com\/fr\/","name":"KCC Positive Business Psychology","description":"Attirer, D\u00e9velopper et Retenir les Meilleurs Talents !","publisher":{"@id":"https:\/\/kccpositivebusinesspsychology.com\/fr\/#organization"},"potentialAction":[{"@type":"SearchAction","target":{"@type":"EntryPoint","urlTemplate":"https:\/\/kccpositivebusinesspsychology.com\/fr\/?s={search_term_string}"},"query-input":{"@type":"PropertyValueSpecification","valueRequired":true,"valueName":"search_term_string"}}],"inLanguage":"fr-FR"},{"@type":"Organization","@id":"https:\/\/kccpositivebusinesspsychology.com\/fr\/#organization","name":"KCC Psychologie positive organisationnelle","url":"https:\/\/kccpositivebusinesspsychology.com\/fr\/","logo":{"@type":"ImageObject","inLanguage":"fr-FR","@id":"https:\/\/kccpositivebusinesspsychology.com\/fr\/#\/schema\/logo\/image\/","url":"https:\/\/kccpositivebusinesspsychology.com\/wp-content\/uploads\/2019\/10\/k.png","contentUrl":"https:\/\/kccpositivebusinesspsychology.com\/wp-content\/uploads\/2019\/10\/k.png","width":500,"height":500,"caption":"KCC Psychologie positive organisationnelle"},"image":{"@id":"https:\/\/kccpositivebusinesspsychology.com\/fr\/#\/schema\/logo\/image\/"},"sameAs":["https:\/\/www.facebook.com\/KeladaCC\/","https:\/\/x.com\/ikelada","https:\/\/www.instagram.com\/ikelada21days\/","https:\/\/www.linkedin.com\/in\/ingridkelada\/","https:\/\/www.pinterest.com\/21daystohappiness\/","https:\/\/www.youtube.com\/channel\/UCSUlaj4G8EmrDurlLV-FF7w"]}]}},"_links":{"self":[{"href":"https:\/\/kccpositivebusinesspsychology.com\/fr\/wp-json\/wp\/v2\/product\/27828","targetHints":{"allow":["GET"]}}],"collection":[{"href":"https:\/\/kccpositivebusinesspsychology.com\/fr\/wp-json\/wp\/v2\/product"}],"about":[{"href":"https:\/\/kccpositivebusinesspsychology.com\/fr\/wp-json\/wp\/v2\/types\/product"}],"wp:featuredmedia":[{"embeddable":true,"href":"https:\/\/kccpositivebusinesspsychology.com\/fr\/wp-json\/wp\/v2\/media\/27566"}],"wp:attachment":[{"href":"https:\/\/kccpositivebusinesspsychology.com\/fr\/wp-json\/wp\/v2\/media?parent=27828"}],"wp:term":[{"taxonomy":"product_brand","embeddable":true,"href":"https:\/\/kccpositivebusinesspsychology.com\/fr\/wp-json\/wp\/v2\/product_brand?post=27828"},{"taxonomy":"product_cat","embeddable":true,"href":"https:\/\/kccpositivebusinesspsychology.com\/fr\/wp-json\/wp\/v2\/product_cat?post=27828"},{"taxonomy":"product_tag","embeddable":true,"href":"https:\/\/kccpositivebusinesspsychology.com\/fr\/wp-json\/wp\/v2\/product_tag?post=27828"}],"curies":[{"name":"wp","href":"https:\/\/api.w.org\/{rel}","templated":true}]}}