{"id":27830,"date":"2019-10-14T16:56:28","date_gmt":"2019-10-14T19:56:28","guid":{"rendered":"https:\/\/kccpositivebusinesspsychology.com\/product\/disc-cual-es-su-color-informe-clasico\/"},"modified":"2025-03-06T16:20:07","modified_gmt":"2025-03-06T20:20:07","slug":"disc-cual-es-su-color-informe-clasico","status":"publish","type":"product","link":"https:\/\/kccpositivebusinesspsychology.com\/fr\/produit\/disc-cual-es-su-color-informe-clasico\/","title":{"rendered":"DISC (\u00bfCu\u00e1l es su color?) \u2013 Informe Cl\u00e1sico"},"content":{"rendered":"","protected":false},"excerpt":{"rendered":"<p>Ayuda a las personas a descubrir c\u00f3mo los perciben los dem\u00e1s y a aprender c\u00f3mo conectarse m\u00e1s r\u00e1pidamente con los dem\u00e1s al adaptar potencialmente su propio estilo.<\/p>\n<ul>\n<li>El tiempo de prueba es de unos 10 minutos<\/li>\n<li>30 p\u00e1ginas<\/li>\n<li>Describe el estilo de comportamiento natural de un individuo y sus preferencias<\/li>\n<li>Puede identificar las fortalezas, el potencial no explotado y las oportunidades de mejoramiento.<\/li>\n<li>Incluye: el estilo de comunicaci\u00f3n, prioridad y estilo de decisi\u00f3n, estilo de motivaci\u00f3n e ideas para el crecimiento profesional.<\/li>\n<li>Muestra a las personas, paso a paso, exactamente qu\u00e9 hacer, y dejar de hacer, para liberar su potencial y mejorar su efectividad personal.<\/li>\n<li>Da informaci\u00f3n detallada y consejos \u00fatiles.<\/li>\n<\/ul>\n<style>\n.details-table td {<br \/>    padding-left: 0%;<br \/>    font-size: 15px;<br \/>    line-height: 25px;<br \/>width: 25%;<br \/>}<\/style>\n","protected":false},"featured_media":27352,"template":"","meta":{"content-type":""},"product_brand":[],"product_cat":[382,384,381,387],"product_tag":[],"class_list":{"0":"post-27830","1":"product","2":"type-product","3":"status-publish","4":"has-post-thumbnail","6":"product_cat-disc-fr","7":"product_cat-espanol-fr","8":"product_cat-questionnaires","9":"product_cat-travail-developpement-personnel","11":"first","12":"instock","13":"taxable","14":"shipping-taxable","15":"purchasable","16":"product-type-simple"},"yoast_head":"<!-- This site is optimized with the Yoast SEO plugin v27.6 - https:\/\/yoast.com\/product\/yoast-seo-wordpress\/ -->\n<title>DISC (\u00bfCu\u00e1l es su color?) \u2013 Informe Cl\u00e1sico &#8211; KCC Positive Business Psychology<\/title>\n<meta name=\"robots\" content=\"index, follow, max-snippet:-1, max-image-preview:large, max-video-preview:-1\" \/>\n<link rel=\"canonical\" href=\"https:\/\/kccpositivebusinesspsychology.com\/fr\/produit\/disc-cual-es-su-color-informe-clasico\/\" \/>\n<meta property=\"og:locale\" content=\"fr_FR\" \/>\n<meta property=\"og:type\" content=\"article\" \/>\n<meta property=\"og:title\" content=\"DISC (\u00bfCu\u00e1l es su color?) \u2013 Informe Cl\u00e1sico &#8211; KCC Positive Business Psychology\" \/>\n<meta property=\"og:description\" content=\"Ayuda a las personas a descubrir c\u00f3mo los perciben los dem\u00e1s y a aprender c\u00f3mo conectarse m\u00e1s r\u00e1pidamente con los dem\u00e1s al adaptar potencialmente su propio estilo.   El tiempo de prueba es de unos 10 minutos  30 p\u00e1ginas  Describe el estilo de comportamiento natural de un individuo y sus preferencias  Puede identificar las fortalezas, el potencial no explotado y las oportunidades de mejoramiento.  Incluye: el estilo de comunicaci\u00f3n, prioridad y estilo de decisi\u00f3n, estilo de motivaci\u00f3n e ideas para el crecimiento profesional.  Muestra a las personas, paso a paso, exactamente qu\u00e9 hacer, y dejar de hacer, para liberar su potencial y mejorar su efectividad personal.  Da informaci\u00f3n detallada y consejos \u00fatiles.\" \/>\n<meta property=\"og:url\" content=\"https:\/\/kccpositivebusinesspsychology.com\/fr\/produit\/disc-cual-es-su-color-informe-clasico\/\" \/>\n<meta property=\"og:site_name\" content=\"KCC Positive Business Psychology\" \/>\n<meta property=\"article:publisher\" content=\"https:\/\/www.facebook.com\/KeladaCC\/\" \/>\n<meta property=\"article:modified_time\" content=\"2025-03-06T20:20:07+00:00\" \/>\n<meta property=\"og:image\" content=\"https:\/\/kccpositivebusinesspsychology.com\/wp-content\/uploads\/2019\/10\/StandardReport-1.jpg\" \/>\n\t<meta property=\"og:image:width\" content=\"458\" \/>\n\t<meta property=\"og:image:height\" content=\"458\" \/>\n\t<meta property=\"og:image:type\" content=\"image\/jpeg\" \/>\n<meta name=\"twitter:card\" content=\"summary_large_image\" \/>\n<meta name=\"twitter:site\" content=\"@ikelada\" \/>\n<meta name=\"twitter:label1\" content=\"Dur\u00e9e de lecture estim\u00e9e\" \/>\n\t<meta name=\"twitter:data1\" content=\"1 minute\" \/>\n<script type=\"application\/ld+json\" class=\"yoast-schema-graph\">{\"@context\":\"https:\\\/\\\/schema.org\",\"@graph\":[{\"@type\":\"WebPage\",\"@id\":\"https:\\\/\\\/kccpositivebusinesspsychology.com\\\/fr\\\/produit\\\/disc-cual-es-su-color-informe-clasico\\\/\",\"url\":\"https:\\\/\\\/kccpositivebusinesspsychology.com\\\/fr\\\/produit\\\/disc-cual-es-su-color-informe-clasico\\\/\",\"name\":\"DISC (\u00bfCu\u00e1l es su color?) \u2013 Informe Cl\u00e1sico &#8211; KCC Positive Business Psychology\",\"isPartOf\":{\"@id\":\"https:\\\/\\\/kccpositivebusinesspsychology.com\\\/fr\\\/#website\"},\"primaryImageOfPage\":{\"@id\":\"https:\\\/\\\/kccpositivebusinesspsychology.com\\\/fr\\\/produit\\\/disc-cual-es-su-color-informe-clasico\\\/#primaryimage\"},\"image\":{\"@id\":\"https:\\\/\\\/kccpositivebusinesspsychology.com\\\/fr\\\/produit\\\/disc-cual-es-su-color-informe-clasico\\\/#primaryimage\"},\"thumbnailUrl\":\"https:\\\/\\\/kccpositivebusinesspsychology.com\\\/wp-content\\\/uploads\\\/2019\\\/10\\\/StandardReport-1.jpg\",\"datePublished\":\"2019-10-14T19:56:28+00:00\",\"dateModified\":\"2025-03-06T20:20:07+00:00\",\"breadcrumb\":{\"@id\":\"https:\\\/\\\/kccpositivebusinesspsychology.com\\\/fr\\\/produit\\\/disc-cual-es-su-color-informe-clasico\\\/#breadcrumb\"},\"inLanguage\":\"fr-FR\",\"potentialAction\":[{\"@type\":\"ReadAction\",\"target\":[\"https:\\\/\\\/kccpositivebusinesspsychology.com\\\/fr\\\/produit\\\/disc-cual-es-su-color-informe-clasico\\\/\"]}]},{\"@type\":\"ImageObject\",\"inLanguage\":\"fr-FR\",\"@id\":\"https:\\\/\\\/kccpositivebusinesspsychology.com\\\/fr\\\/produit\\\/disc-cual-es-su-color-informe-clasico\\\/#primaryimage\",\"url\":\"https:\\\/\\\/kccpositivebusinesspsychology.com\\\/wp-content\\\/uploads\\\/2019\\\/10\\\/StandardReport-1.jpg\",\"contentUrl\":\"https:\\\/\\\/kccpositivebusinesspsychology.com\\\/wp-content\\\/uploads\\\/2019\\\/10\\\/StandardReport-1.jpg\",\"width\":458,\"height\":458},{\"@type\":\"BreadcrumbList\",\"@id\":\"https:\\\/\\\/kccpositivebusinesspsychology.com\\\/fr\\\/produit\\\/disc-cual-es-su-color-informe-clasico\\\/#breadcrumb\",\"itemListElement\":[{\"@type\":\"ListItem\",\"position\":1,\"name\":\"Home\",\"item\":\"https:\\\/\\\/kccpositivebusinesspsychology.com\\\/fr\\\/\"},{\"@type\":\"ListItem\",\"position\":2,\"name\":\"Boutique\",\"item\":\"https:\\\/\\\/kccpositivebusinesspsychology.com\\\/fr\\\/boutique\\\/\"},{\"@type\":\"ListItem\",\"position\":3,\"name\":\"DISC (\u00bfCu\u00e1l es su color?) \u2013 Informe Cl\u00e1sico\"}]},{\"@type\":\"WebSite\",\"@id\":\"https:\\\/\\\/kccpositivebusinesspsychology.com\\\/fr\\\/#website\",\"url\":\"https:\\\/\\\/kccpositivebusinesspsychology.com\\\/fr\\\/\",\"name\":\"KCC Positive Business Psychology\",\"description\":\"Attirer, D\u00e9velopper et Retenir les Meilleurs Talents !\",\"publisher\":{\"@id\":\"https:\\\/\\\/kccpositivebusinesspsychology.com\\\/fr\\\/#organization\"},\"potentialAction\":[{\"@type\":\"SearchAction\",\"target\":{\"@type\":\"EntryPoint\",\"urlTemplate\":\"https:\\\/\\\/kccpositivebusinesspsychology.com\\\/fr\\\/?s={search_term_string}\"},\"query-input\":{\"@type\":\"PropertyValueSpecification\",\"valueRequired\":true,\"valueName\":\"search_term_string\"}}],\"inLanguage\":\"fr-FR\"},{\"@type\":\"Organization\",\"@id\":\"https:\\\/\\\/kccpositivebusinesspsychology.com\\\/fr\\\/#organization\",\"name\":\"KCC Psychologie positive organisationnelle\",\"url\":\"https:\\\/\\\/kccpositivebusinesspsychology.com\\\/fr\\\/\",\"logo\":{\"@type\":\"ImageObject\",\"inLanguage\":\"fr-FR\",\"@id\":\"https:\\\/\\\/kccpositivebusinesspsychology.com\\\/fr\\\/#\\\/schema\\\/logo\\\/image\\\/\",\"url\":\"https:\\\/\\\/kccpositivebusinesspsychology.com\\\/wp-content\\\/uploads\\\/2019\\\/10\\\/k.png\",\"contentUrl\":\"https:\\\/\\\/kccpositivebusinesspsychology.com\\\/wp-content\\\/uploads\\\/2019\\\/10\\\/k.png\",\"width\":500,\"height\":500,\"caption\":\"KCC Psychologie positive organisationnelle\"},\"image\":{\"@id\":\"https:\\\/\\\/kccpositivebusinesspsychology.com\\\/fr\\\/#\\\/schema\\\/logo\\\/image\\\/\"},\"sameAs\":[\"https:\\\/\\\/www.facebook.com\\\/KeladaCC\\\/\",\"https:\\\/\\\/x.com\\\/ikelada\",\"https:\\\/\\\/www.instagram.com\\\/ikelada21days\\\/\",\"https:\\\/\\\/www.linkedin.com\\\/in\\\/ingridkelada\\\/\",\"https:\\\/\\\/www.pinterest.com\\\/21daystohappiness\\\/\",\"https:\\\/\\\/www.youtube.com\\\/channel\\\/UCSUlaj4G8EmrDurlLV-FF7w\"]}]}<\/script>\n<!-- \/ Yoast SEO plugin. -->","yoast_head_json":{"title":"DISC (\u00bfCu\u00e1l es su color?) \u2013 Informe Cl\u00e1sico &#8211; KCC Positive Business Psychology","robots":{"index":"index","follow":"follow","max-snippet":"max-snippet:-1","max-image-preview":"max-image-preview:large","max-video-preview":"max-video-preview:-1"},"canonical":"https:\/\/kccpositivebusinesspsychology.com\/fr\/produit\/disc-cual-es-su-color-informe-clasico\/","og_locale":"fr_FR","og_type":"article","og_title":"DISC (\u00bfCu\u00e1l es su color?) \u2013 Informe Cl\u00e1sico &#8211; KCC Positive Business Psychology","og_description":"Ayuda a las personas a descubrir c\u00f3mo los perciben los dem\u00e1s y a aprender c\u00f3mo conectarse m\u00e1s r\u00e1pidamente con los dem\u00e1s al adaptar potencialmente su propio estilo.   El tiempo de prueba es de unos 10 minutos  30 p\u00e1ginas  Describe el estilo de comportamiento natural de un individuo y sus preferencias  Puede identificar las fortalezas, el potencial no explotado y las oportunidades de mejoramiento.  Incluye: el estilo de comunicaci\u00f3n, prioridad y estilo de decisi\u00f3n, estilo de motivaci\u00f3n e ideas para el crecimiento profesional.  Muestra a las personas, paso a paso, exactamente qu\u00e9 hacer, y dejar de hacer, para liberar su potencial y mejorar su efectividad personal.  Da informaci\u00f3n detallada y consejos \u00fatiles.","og_url":"https:\/\/kccpositivebusinesspsychology.com\/fr\/produit\/disc-cual-es-su-color-informe-clasico\/","og_site_name":"KCC Positive Business Psychology","article_publisher":"https:\/\/www.facebook.com\/KeladaCC\/","article_modified_time":"2025-03-06T20:20:07+00:00","og_image":[{"width":458,"height":458,"url":"https:\/\/kccpositivebusinesspsychology.com\/wp-content\/uploads\/2019\/10\/StandardReport-1.jpg","type":"image\/jpeg"}],"twitter_card":"summary_large_image","twitter_site":"@ikelada","twitter_misc":{"Dur\u00e9e de lecture estim\u00e9e":"1 minute"},"schema":{"@context":"https:\/\/schema.org","@graph":[{"@type":"WebPage","@id":"https:\/\/kccpositivebusinesspsychology.com\/fr\/produit\/disc-cual-es-su-color-informe-clasico\/","url":"https:\/\/kccpositivebusinesspsychology.com\/fr\/produit\/disc-cual-es-su-color-informe-clasico\/","name":"DISC (\u00bfCu\u00e1l es su color?) \u2013 Informe Cl\u00e1sico &#8211; KCC Positive Business Psychology","isPartOf":{"@id":"https:\/\/kccpositivebusinesspsychology.com\/fr\/#website"},"primaryImageOfPage":{"@id":"https:\/\/kccpositivebusinesspsychology.com\/fr\/produit\/disc-cual-es-su-color-informe-clasico\/#primaryimage"},"image":{"@id":"https:\/\/kccpositivebusinesspsychology.com\/fr\/produit\/disc-cual-es-su-color-informe-clasico\/#primaryimage"},"thumbnailUrl":"https:\/\/kccpositivebusinesspsychology.com\/wp-content\/uploads\/2019\/10\/StandardReport-1.jpg","datePublished":"2019-10-14T19:56:28+00:00","dateModified":"2025-03-06T20:20:07+00:00","breadcrumb":{"@id":"https:\/\/kccpositivebusinesspsychology.com\/fr\/produit\/disc-cual-es-su-color-informe-clasico\/#breadcrumb"},"inLanguage":"fr-FR","potentialAction":[{"@type":"ReadAction","target":["https:\/\/kccpositivebusinesspsychology.com\/fr\/produit\/disc-cual-es-su-color-informe-clasico\/"]}]},{"@type":"ImageObject","inLanguage":"fr-FR","@id":"https:\/\/kccpositivebusinesspsychology.com\/fr\/produit\/disc-cual-es-su-color-informe-clasico\/#primaryimage","url":"https:\/\/kccpositivebusinesspsychology.com\/wp-content\/uploads\/2019\/10\/StandardReport-1.jpg","contentUrl":"https:\/\/kccpositivebusinesspsychology.com\/wp-content\/uploads\/2019\/10\/StandardReport-1.jpg","width":458,"height":458},{"@type":"BreadcrumbList","@id":"https:\/\/kccpositivebusinesspsychology.com\/fr\/produit\/disc-cual-es-su-color-informe-clasico\/#breadcrumb","itemListElement":[{"@type":"ListItem","position":1,"name":"Home","item":"https:\/\/kccpositivebusinesspsychology.com\/fr\/"},{"@type":"ListItem","position":2,"name":"Boutique","item":"https:\/\/kccpositivebusinesspsychology.com\/fr\/boutique\/"},{"@type":"ListItem","position":3,"name":"DISC (\u00bfCu\u00e1l es su color?) \u2013 Informe Cl\u00e1sico"}]},{"@type":"WebSite","@id":"https:\/\/kccpositivebusinesspsychology.com\/fr\/#website","url":"https:\/\/kccpositivebusinesspsychology.com\/fr\/","name":"KCC Positive Business Psychology","description":"Attirer, D\u00e9velopper et Retenir les Meilleurs Talents !","publisher":{"@id":"https:\/\/kccpositivebusinesspsychology.com\/fr\/#organization"},"potentialAction":[{"@type":"SearchAction","target":{"@type":"EntryPoint","urlTemplate":"https:\/\/kccpositivebusinesspsychology.com\/fr\/?s={search_term_string}"},"query-input":{"@type":"PropertyValueSpecification","valueRequired":true,"valueName":"search_term_string"}}],"inLanguage":"fr-FR"},{"@type":"Organization","@id":"https:\/\/kccpositivebusinesspsychology.com\/fr\/#organization","name":"KCC Psychologie positive organisationnelle","url":"https:\/\/kccpositivebusinesspsychology.com\/fr\/","logo":{"@type":"ImageObject","inLanguage":"fr-FR","@id":"https:\/\/kccpositivebusinesspsychology.com\/fr\/#\/schema\/logo\/image\/","url":"https:\/\/kccpositivebusinesspsychology.com\/wp-content\/uploads\/2019\/10\/k.png","contentUrl":"https:\/\/kccpositivebusinesspsychology.com\/wp-content\/uploads\/2019\/10\/k.png","width":500,"height":500,"caption":"KCC Psychologie positive organisationnelle"},"image":{"@id":"https:\/\/kccpositivebusinesspsychology.com\/fr\/#\/schema\/logo\/image\/"},"sameAs":["https:\/\/www.facebook.com\/KeladaCC\/","https:\/\/x.com\/ikelada","https:\/\/www.instagram.com\/ikelada21days\/","https:\/\/www.linkedin.com\/in\/ingridkelada\/","https:\/\/www.pinterest.com\/21daystohappiness\/","https:\/\/www.youtube.com\/channel\/UCSUlaj4G8EmrDurlLV-FF7w"]}]}},"_links":{"self":[{"href":"https:\/\/kccpositivebusinesspsychology.com\/fr\/wp-json\/wp\/v2\/product\/27830","targetHints":{"allow":["GET"]}}],"collection":[{"href":"https:\/\/kccpositivebusinesspsychology.com\/fr\/wp-json\/wp\/v2\/product"}],"about":[{"href":"https:\/\/kccpositivebusinesspsychology.com\/fr\/wp-json\/wp\/v2\/types\/product"}],"wp:featuredmedia":[{"embeddable":true,"href":"https:\/\/kccpositivebusinesspsychology.com\/fr\/wp-json\/wp\/v2\/media\/27352"}],"wp:attachment":[{"href":"https:\/\/kccpositivebusinesspsychology.com\/fr\/wp-json\/wp\/v2\/media?parent=27830"}],"wp:term":[{"taxonomy":"product_brand","embeddable":true,"href":"https:\/\/kccpositivebusinesspsychology.com\/fr\/wp-json\/wp\/v2\/product_brand?post=27830"},{"taxonomy":"product_cat","embeddable":true,"href":"https:\/\/kccpositivebusinesspsychology.com\/fr\/wp-json\/wp\/v2\/product_cat?post=27830"},{"taxonomy":"product_tag","embeddable":true,"href":"https:\/\/kccpositivebusinesspsychology.com\/fr\/wp-json\/wp\/v2\/product_tag?post=27830"}],"curies":[{"name":"wp","href":"https:\/\/api.w.org\/{rel}","templated":true}]}}