{"id":27833,"date":"2024-10-02T17:49:43","date_gmt":"2024-10-02T21:49:43","guid":{"rendered":"https:\/\/kccpositivebusinesspsychology.com\/?post_type=product&#038;p=27833"},"modified":"2025-03-06T16:24:52","modified_gmt":"2025-03-06T20:24:52","slug":"hapi-happiness-assessment-profile-index","status":"publish","type":"product","link":"https:\/\/kccpositivebusinesspsychology.com\/fr\/produit\/hapi-happiness-assessment-profile-index\/","title":{"rendered":"\u00c9valuation de l&rsquo;indice de bonheur &#8211; HAPI &#8211; Happiness Assessment Profile Index"},"content":{"rendered":"","protected":false},"excerpt":{"rendered":"<p><strong>Must be your lucky day, it&rsquo;s free!<\/strong><\/p>\n<p>Find out just how happy you are \u200bby filling out the <strong>5-minute<\/strong>\u00a0\u201cHAPI\u201d questionnaire now.<\/p>\n<p>There is no right or wrong, no good or bad&#8230;no matter your score, <strong>it can always go UP<\/strong>.<\/p>\n<p>You will get your results right away. Follow this link: <a href=\"http:\/\/www.21daystohappiness.com\/hapi.html\">Free HAPI Questionnaire &#8211; 21 Days to Happiness<\/a><\/p>\n<p>&nbsp;<\/p>\n<p><strong>C&rsquo;est votre jour de chance, c&rsquo;est gratuit !<\/strong><\/p>\n<p>D\u00e9couvrez \u00e0 quel point vous \u00eates heureux en<strong> 5 minutes<\/strong> en remplissant le questionnaire \u00ab HAPI \u00bb.<\/p>\n<p>Il n&rsquo;y a pas de bonne ou mauvaise r\u00e9ponse, de bon ou de mauvais profil&#8230; quel que soit votre score, <strong>il peut toujours augmenter<\/strong>.<\/p>\n<p>Vous obtiendrez vos r\u00e9sultats imm\u00e9diatement. Suivez ce lien : <a href=\"http:\/\/www.21daystohappiness.com\/hapi.html\">Free HAPI Questionnaire &#8211; 21 Days to Happiness<\/a><\/p>\n","protected":false},"featured_media":27563,"template":"","meta":{"content-type":""},"product_brand":[],"product_cat":[398,399,380,381],"product_tag":[],"class_list":{"0":"post-27833","1":"product","2":"type-product","3":"status-publish","4":"has-post-thumbnail","6":"product_cat-english-fr","7":"product_cat-francais-fr","8":"product_cat-le-bonheur","9":"product_cat-questionnaires","11":"first","12":"instock","13":"downloadable","14":"virtual","15":"taxable","16":"purchasable","17":"product-type-simple"},"yoast_head":"<!-- This site is optimized with the Yoast SEO plugin v27.6 - https:\/\/yoast.com\/product\/yoast-seo-wordpress\/ -->\n<title>\u00c9valuation de l&#039;indice de bonheur - HAPI - Happiness Assessment Profile Index &#8211; KCC Positive Business Psychology<\/title>\n<meta name=\"robots\" content=\"index, follow, max-snippet:-1, max-image-preview:large, max-video-preview:-1\" \/>\n<link rel=\"canonical\" href=\"https:\/\/kccpositivebusinesspsychology.com\/fr\/produit\/hapi-happiness-assessment-profile-index\/\" \/>\n<meta property=\"og:locale\" content=\"fr_FR\" \/>\n<meta property=\"og:type\" content=\"article\" \/>\n<meta property=\"og:title\" content=\"\u00c9valuation de l&#039;indice de bonheur - HAPI - Happiness Assessment Profile Index &#8211; KCC Positive Business Psychology\" \/>\n<meta property=\"og:description\" content=\"Must be your lucky day, it&#039;s free!  Find out just how happy you are \u200bby filling out the 5-minute\u00a0\u201cHAPI\u201d questionnaire now.  There is no right or wrong, no good or bad...no matter your score, it can always go UP.  You will get your results right away. Follow this link: Free HAPI Questionnaire - 21 Days to Happiness  &nbsp;  C&#039;est votre jour de chance, c&#039;est gratuit !  D\u00e9couvrez \u00e0 quel point vous \u00eates heureux en 5 minutes en remplissant le questionnaire \u00ab HAPI \u00bb.  Il n&#039;y a pas de bonne ou mauvaise r\u00e9ponse, de bon ou de mauvais profil... quel que soit votre score, il peut toujours augmenter.  Vous obtiendrez vos r\u00e9sultats imm\u00e9diatement. Suivez ce lien : Free HAPI Questionnaire - 21 Days to Happiness\" \/>\n<meta property=\"og:url\" content=\"https:\/\/kccpositivebusinesspsychology.com\/fr\/produit\/hapi-happiness-assessment-profile-index\/\" \/>\n<meta property=\"og:site_name\" content=\"KCC Positive Business Psychology\" \/>\n<meta property=\"article:publisher\" content=\"https:\/\/www.facebook.com\/KeladaCC\/\" \/>\n<meta property=\"article:modified_time\" content=\"2025-03-06T20:24:52+00:00\" \/>\n<meta property=\"og:image\" content=\"https:\/\/kccpositivebusinesspsychology.com\/wp-content\/uploads\/2024\/10\/HAPI.png\" \/>\n\t<meta property=\"og:image:width\" content=\"500\" \/>\n\t<meta property=\"og:image:height\" content=\"500\" \/>\n\t<meta property=\"og:image:type\" content=\"image\/png\" \/>\n<meta name=\"twitter:card\" content=\"summary_large_image\" \/>\n<meta name=\"twitter:site\" content=\"@ikelada\" \/>\n<script type=\"application\/ld+json\" class=\"yoast-schema-graph\">{\"@context\":\"https:\\\/\\\/schema.org\",\"@graph\":[{\"@type\":\"WebPage\",\"@id\":\"https:\\\/\\\/kccpositivebusinesspsychology.com\\\/fr\\\/produit\\\/hapi-happiness-assessment-profile-index\\\/\",\"url\":\"https:\\\/\\\/kccpositivebusinesspsychology.com\\\/fr\\\/produit\\\/hapi-happiness-assessment-profile-index\\\/\",\"name\":\"\u00c9valuation de l'indice de bonheur - HAPI - Happiness Assessment Profile Index &#8211; KCC Positive Business Psychology\",\"isPartOf\":{\"@id\":\"https:\\\/\\\/kccpositivebusinesspsychology.com\\\/fr\\\/#website\"},\"primaryImageOfPage\":{\"@id\":\"https:\\\/\\\/kccpositivebusinesspsychology.com\\\/fr\\\/produit\\\/hapi-happiness-assessment-profile-index\\\/#primaryimage\"},\"image\":{\"@id\":\"https:\\\/\\\/kccpositivebusinesspsychology.com\\\/fr\\\/produit\\\/hapi-happiness-assessment-profile-index\\\/#primaryimage\"},\"thumbnailUrl\":\"https:\\\/\\\/kccpositivebusinesspsychology.com\\\/wp-content\\\/uploads\\\/2024\\\/10\\\/HAPI.png\",\"datePublished\":\"2024-10-02T21:49:43+00:00\",\"dateModified\":\"2025-03-06T20:24:52+00:00\",\"breadcrumb\":{\"@id\":\"https:\\\/\\\/kccpositivebusinesspsychology.com\\\/fr\\\/produit\\\/hapi-happiness-assessment-profile-index\\\/#breadcrumb\"},\"inLanguage\":\"fr-FR\",\"potentialAction\":[{\"@type\":\"ReadAction\",\"target\":[\"https:\\\/\\\/kccpositivebusinesspsychology.com\\\/fr\\\/produit\\\/hapi-happiness-assessment-profile-index\\\/\"]}]},{\"@type\":\"ImageObject\",\"inLanguage\":\"fr-FR\",\"@id\":\"https:\\\/\\\/kccpositivebusinesspsychology.com\\\/fr\\\/produit\\\/hapi-happiness-assessment-profile-index\\\/#primaryimage\",\"url\":\"https:\\\/\\\/kccpositivebusinesspsychology.com\\\/wp-content\\\/uploads\\\/2024\\\/10\\\/HAPI.png\",\"contentUrl\":\"https:\\\/\\\/kccpositivebusinesspsychology.com\\\/wp-content\\\/uploads\\\/2024\\\/10\\\/HAPI.png\",\"width\":500,\"height\":500},{\"@type\":\"BreadcrumbList\",\"@id\":\"https:\\\/\\\/kccpositivebusinesspsychology.com\\\/fr\\\/produit\\\/hapi-happiness-assessment-profile-index\\\/#breadcrumb\",\"itemListElement\":[{\"@type\":\"ListItem\",\"position\":1,\"name\":\"Home\",\"item\":\"https:\\\/\\\/kccpositivebusinesspsychology.com\\\/fr\\\/\"},{\"@type\":\"ListItem\",\"position\":2,\"name\":\"Boutique\",\"item\":\"https:\\\/\\\/kccpositivebusinesspsychology.com\\\/fr\\\/boutique\\\/\"},{\"@type\":\"ListItem\",\"position\":3,\"name\":\"\u00c9valuation de l&#8217;indice de bonheur &#8211; HAPI &#8211; Happiness Assessment Profile Index\"}]},{\"@type\":\"WebSite\",\"@id\":\"https:\\\/\\\/kccpositivebusinesspsychology.com\\\/fr\\\/#website\",\"url\":\"https:\\\/\\\/kccpositivebusinesspsychology.com\\\/fr\\\/\",\"name\":\"KCC Positive Business Psychology\",\"description\":\"Attirer, D\u00e9velopper et Retenir les Meilleurs Talents !\",\"publisher\":{\"@id\":\"https:\\\/\\\/kccpositivebusinesspsychology.com\\\/fr\\\/#organization\"},\"potentialAction\":[{\"@type\":\"SearchAction\",\"target\":{\"@type\":\"EntryPoint\",\"urlTemplate\":\"https:\\\/\\\/kccpositivebusinesspsychology.com\\\/fr\\\/?s={search_term_string}\"},\"query-input\":{\"@type\":\"PropertyValueSpecification\",\"valueRequired\":true,\"valueName\":\"search_term_string\"}}],\"inLanguage\":\"fr-FR\"},{\"@type\":\"Organization\",\"@id\":\"https:\\\/\\\/kccpositivebusinesspsychology.com\\\/fr\\\/#organization\",\"name\":\"KCC Psychologie positive organisationnelle\",\"url\":\"https:\\\/\\\/kccpositivebusinesspsychology.com\\\/fr\\\/\",\"logo\":{\"@type\":\"ImageObject\",\"inLanguage\":\"fr-FR\",\"@id\":\"https:\\\/\\\/kccpositivebusinesspsychology.com\\\/fr\\\/#\\\/schema\\\/logo\\\/image\\\/\",\"url\":\"https:\\\/\\\/kccpositivebusinesspsychology.com\\\/wp-content\\\/uploads\\\/2019\\\/10\\\/k.png\",\"contentUrl\":\"https:\\\/\\\/kccpositivebusinesspsychology.com\\\/wp-content\\\/uploads\\\/2019\\\/10\\\/k.png\",\"width\":500,\"height\":500,\"caption\":\"KCC Psychologie positive organisationnelle\"},\"image\":{\"@id\":\"https:\\\/\\\/kccpositivebusinesspsychology.com\\\/fr\\\/#\\\/schema\\\/logo\\\/image\\\/\"},\"sameAs\":[\"https:\\\/\\\/www.facebook.com\\\/KeladaCC\\\/\",\"https:\\\/\\\/x.com\\\/ikelada\",\"https:\\\/\\\/www.instagram.com\\\/ikelada21days\\\/\",\"https:\\\/\\\/www.linkedin.com\\\/in\\\/ingridkelada\\\/\",\"https:\\\/\\\/www.pinterest.com\\\/21daystohappiness\\\/\",\"https:\\\/\\\/www.youtube.com\\\/channel\\\/UCSUlaj4G8EmrDurlLV-FF7w\"]}]}<\/script>\n<!-- \/ Yoast SEO plugin. -->","yoast_head_json":{"title":"\u00c9valuation de l'indice de bonheur - HAPI - Happiness Assessment Profile Index &#8211; KCC Positive Business Psychology","robots":{"index":"index","follow":"follow","max-snippet":"max-snippet:-1","max-image-preview":"max-image-preview:large","max-video-preview":"max-video-preview:-1"},"canonical":"https:\/\/kccpositivebusinesspsychology.com\/fr\/produit\/hapi-happiness-assessment-profile-index\/","og_locale":"fr_FR","og_type":"article","og_title":"\u00c9valuation de l'indice de bonheur - HAPI - Happiness Assessment Profile Index &#8211; KCC Positive Business Psychology","og_description":"Must be your lucky day, it's free!  Find out just how happy you are \u200bby filling out the 5-minute\u00a0\u201cHAPI\u201d questionnaire now.  There is no right or wrong, no good or bad...no matter your score, it can always go UP.  You will get your results right away. Follow this link: Free HAPI Questionnaire - 21 Days to Happiness  &nbsp;  C'est votre jour de chance, c'est gratuit !  D\u00e9couvrez \u00e0 quel point vous \u00eates heureux en 5 minutes en remplissant le questionnaire \u00ab HAPI \u00bb.  Il n'y a pas de bonne ou mauvaise r\u00e9ponse, de bon ou de mauvais profil... quel que soit votre score, il peut toujours augmenter.  Vous obtiendrez vos r\u00e9sultats imm\u00e9diatement. Suivez ce lien : Free HAPI Questionnaire - 21 Days to Happiness","og_url":"https:\/\/kccpositivebusinesspsychology.com\/fr\/produit\/hapi-happiness-assessment-profile-index\/","og_site_name":"KCC Positive Business Psychology","article_publisher":"https:\/\/www.facebook.com\/KeladaCC\/","article_modified_time":"2025-03-06T20:24:52+00:00","og_image":[{"width":500,"height":500,"url":"https:\/\/kccpositivebusinesspsychology.com\/wp-content\/uploads\/2024\/10\/HAPI.png","type":"image\/png"}],"twitter_card":"summary_large_image","twitter_site":"@ikelada","schema":{"@context":"https:\/\/schema.org","@graph":[{"@type":"WebPage","@id":"https:\/\/kccpositivebusinesspsychology.com\/fr\/produit\/hapi-happiness-assessment-profile-index\/","url":"https:\/\/kccpositivebusinesspsychology.com\/fr\/produit\/hapi-happiness-assessment-profile-index\/","name":"\u00c9valuation de l'indice de bonheur - HAPI - Happiness Assessment Profile Index &#8211; KCC Positive Business Psychology","isPartOf":{"@id":"https:\/\/kccpositivebusinesspsychology.com\/fr\/#website"},"primaryImageOfPage":{"@id":"https:\/\/kccpositivebusinesspsychology.com\/fr\/produit\/hapi-happiness-assessment-profile-index\/#primaryimage"},"image":{"@id":"https:\/\/kccpositivebusinesspsychology.com\/fr\/produit\/hapi-happiness-assessment-profile-index\/#primaryimage"},"thumbnailUrl":"https:\/\/kccpositivebusinesspsychology.com\/wp-content\/uploads\/2024\/10\/HAPI.png","datePublished":"2024-10-02T21:49:43+00:00","dateModified":"2025-03-06T20:24:52+00:00","breadcrumb":{"@id":"https:\/\/kccpositivebusinesspsychology.com\/fr\/produit\/hapi-happiness-assessment-profile-index\/#breadcrumb"},"inLanguage":"fr-FR","potentialAction":[{"@type":"ReadAction","target":["https:\/\/kccpositivebusinesspsychology.com\/fr\/produit\/hapi-happiness-assessment-profile-index\/"]}]},{"@type":"ImageObject","inLanguage":"fr-FR","@id":"https:\/\/kccpositivebusinesspsychology.com\/fr\/produit\/hapi-happiness-assessment-profile-index\/#primaryimage","url":"https:\/\/kccpositivebusinesspsychology.com\/wp-content\/uploads\/2024\/10\/HAPI.png","contentUrl":"https:\/\/kccpositivebusinesspsychology.com\/wp-content\/uploads\/2024\/10\/HAPI.png","width":500,"height":500},{"@type":"BreadcrumbList","@id":"https:\/\/kccpositivebusinesspsychology.com\/fr\/produit\/hapi-happiness-assessment-profile-index\/#breadcrumb","itemListElement":[{"@type":"ListItem","position":1,"name":"Home","item":"https:\/\/kccpositivebusinesspsychology.com\/fr\/"},{"@type":"ListItem","position":2,"name":"Boutique","item":"https:\/\/kccpositivebusinesspsychology.com\/fr\/boutique\/"},{"@type":"ListItem","position":3,"name":"\u00c9valuation de l&#8217;indice de bonheur &#8211; HAPI &#8211; Happiness Assessment Profile Index"}]},{"@type":"WebSite","@id":"https:\/\/kccpositivebusinesspsychology.com\/fr\/#website","url":"https:\/\/kccpositivebusinesspsychology.com\/fr\/","name":"KCC Positive Business Psychology","description":"Attirer, D\u00e9velopper et Retenir les Meilleurs Talents !","publisher":{"@id":"https:\/\/kccpositivebusinesspsychology.com\/fr\/#organization"},"potentialAction":[{"@type":"SearchAction","target":{"@type":"EntryPoint","urlTemplate":"https:\/\/kccpositivebusinesspsychology.com\/fr\/?s={search_term_string}"},"query-input":{"@type":"PropertyValueSpecification","valueRequired":true,"valueName":"search_term_string"}}],"inLanguage":"fr-FR"},{"@type":"Organization","@id":"https:\/\/kccpositivebusinesspsychology.com\/fr\/#organization","name":"KCC Psychologie positive organisationnelle","url":"https:\/\/kccpositivebusinesspsychology.com\/fr\/","logo":{"@type":"ImageObject","inLanguage":"fr-FR","@id":"https:\/\/kccpositivebusinesspsychology.com\/fr\/#\/schema\/logo\/image\/","url":"https:\/\/kccpositivebusinesspsychology.com\/wp-content\/uploads\/2019\/10\/k.png","contentUrl":"https:\/\/kccpositivebusinesspsychology.com\/wp-content\/uploads\/2019\/10\/k.png","width":500,"height":500,"caption":"KCC Psychologie positive organisationnelle"},"image":{"@id":"https:\/\/kccpositivebusinesspsychology.com\/fr\/#\/schema\/logo\/image\/"},"sameAs":["https:\/\/www.facebook.com\/KeladaCC\/","https:\/\/x.com\/ikelada","https:\/\/www.instagram.com\/ikelada21days\/","https:\/\/www.linkedin.com\/in\/ingridkelada\/","https:\/\/www.pinterest.com\/21daystohappiness\/","https:\/\/www.youtube.com\/channel\/UCSUlaj4G8EmrDurlLV-FF7w"]}]}},"_links":{"self":[{"href":"https:\/\/kccpositivebusinesspsychology.com\/fr\/wp-json\/wp\/v2\/product\/27833","targetHints":{"allow":["GET"]}}],"collection":[{"href":"https:\/\/kccpositivebusinesspsychology.com\/fr\/wp-json\/wp\/v2\/product"}],"about":[{"href":"https:\/\/kccpositivebusinesspsychology.com\/fr\/wp-json\/wp\/v2\/types\/product"}],"wp:featuredmedia":[{"embeddable":true,"href":"https:\/\/kccpositivebusinesspsychology.com\/fr\/wp-json\/wp\/v2\/media\/27563"}],"wp:attachment":[{"href":"https:\/\/kccpositivebusinesspsychology.com\/fr\/wp-json\/wp\/v2\/media?parent=27833"}],"wp:term":[{"taxonomy":"product_brand","embeddable":true,"href":"https:\/\/kccpositivebusinesspsychology.com\/fr\/wp-json\/wp\/v2\/product_brand?post=27833"},{"taxonomy":"product_cat","embeddable":true,"href":"https:\/\/kccpositivebusinesspsychology.com\/fr\/wp-json\/wp\/v2\/product_cat?post=27833"},{"taxonomy":"product_tag","embeddable":true,"href":"https:\/\/kccpositivebusinesspsychology.com\/fr\/wp-json\/wp\/v2\/product_tag?post=27833"}],"curies":[{"name":"wp","href":"https:\/\/api.w.org\/{rel}","templated":true}]}}