{"id":28182,"date":"2019-10-14T16:56:28","date_gmt":"2019-10-14T20:56:28","guid":{"rendered":"https:\/\/kccpositivebusinesspsychology.com\/product\/lindice-de-personnalite-de-travail-wpi-rapport-leadership\/"},"modified":"2019-10-14T16:56:28","modified_gmt":"2019-10-14T20:56:28","slug":"lindice-de-personnalite-de-travail-wpi-rapport-leadership","status":"publish","type":"product","link":"https:\/\/kccpositivebusinesspsychology.com\/fr\/produit\/lindice-de-personnalite-de-travail-wpi-rapport-leadership\/","title":{"rendered":"L\u2019indice de personnalit\u00e9 de travail (WPI) \u2013 Rapport Leadership"},"content":{"rendered":"","protected":false},"excerpt":{"rendered":"<p>Le rapport version leadership est con\u00e7u comme un <strong>outil de croissance professionnelle<\/strong>. Il aide les gestionnaires \u00e0 <strong>comprendre leur r\u00f4le de leader, maximiser leur impact et accro\u00eetre leur r\u00e9ussite dans un poste de leadership<\/strong>.<\/p>\n<ul>\n<li>La dur\u00e9e du test est d&rsquo;environ 20-25 minutes<\/li>\n<li>Fournit des informations comportementales pr\u00e9cieuses sur 21 comp\u00e9tences regroup\u00e9es en 6 cat\u00e9gories globales:\n<ul>\n<li>\u00c9nergie et dynamisme<\/li>\n<li>Travailler avec les autres<\/li>\n<li>Style au travail<\/li>\n<li>La r\u00e9solution de probl\u00e8mes<\/li>\n<li>Faire face \u00e0 la pression et au stress<\/li>\n<li>Reconna\u00eetre et g\u00e9rer le changement<\/li>\n<\/ul>\n<\/li>\n<li>Donne un aper\u00e7u des aptitudes essentielles, des comp\u00e9tences et des domaines de difficult\u00e9 d\u2019un leader<\/li>\n<li>Met l&rsquo;accent sur les sph\u00e8res qui m\u00e8neront \u00e0 la plus forte augmentation de la performance en leadership<\/li>\n<li>Offre des exercices qui aident les leaders \u00e0 cr\u00e9er des plans de d\u00e9veloppement tirant parti des forces et abordant les possibilit\u00e9s d&rsquo;am\u00e9lioration<\/li>\n<\/ul>\n<style>\n.details-table td {<br \/>    padding-left: 0%;<br \/>    font-size: 15px;<br \/>    line-height: 25px;<br \/>width: 25%;<br \/>}<\/style>\n","protected":false},"featured_media":27355,"template":"","meta":{"content-type":""},"product_brand":[],"product_cat":[399,381,387],"product_tag":[],"class_list":{"0":"post-28182","1":"product","2":"type-product","3":"status-publish","4":"has-post-thumbnail","6":"product_cat-francais-fr","7":"product_cat-questionnaires","8":"product_cat-travail-developpement-personnel","10":"first","11":"instock","12":"taxable","13":"shipping-taxable","14":"purchasable","15":"product-type-simple"},"yoast_head":"<!-- This site is optimized with the Yoast SEO plugin v27.6 - https:\/\/yoast.com\/product\/yoast-seo-wordpress\/ -->\n<title>L\u2019indice de personnalit\u00e9 de travail (WPI) \u2013 Rapport Leadership &#8211; KCC Positive Business Psychology<\/title>\n<meta name=\"robots\" content=\"index, follow, max-snippet:-1, max-image-preview:large, max-video-preview:-1\" \/>\n<link rel=\"canonical\" href=\"https:\/\/kccpositivebusinesspsychology.com\/fr\/produit\/lindice-de-personnalite-de-travail-wpi-rapport-leadership\/\" \/>\n<meta property=\"og:locale\" content=\"fr_FR\" \/>\n<meta property=\"og:type\" content=\"article\" \/>\n<meta property=\"og:title\" content=\"L\u2019indice de personnalit\u00e9 de travail (WPI) \u2013 Rapport Leadership &#8211; KCC Positive Business Psychology\" \/>\n<meta property=\"og:description\" content=\"Le rapport version leadership est con\u00e7u comme un outil de croissance professionnelle. Il aide les gestionnaires \u00e0 comprendre leur r\u00f4le de leader, maximiser leur impact et accro\u00eetre leur r\u00e9ussite dans un poste de leadership.   La dur\u00e9e du test est d&#039;environ 20-25 minutes  Fournit des informations comportementales pr\u00e9cieuses sur 21 comp\u00e9tences regroup\u00e9es en 6 cat\u00e9gories globales:   \u00c9nergie et dynamisme  Travailler avec les autres  Style au travail  La r\u00e9solution de probl\u00e8mes  Faire face \u00e0 la pression et au stress  Reconna\u00eetre et g\u00e9rer le changement    Donne un aper\u00e7u des aptitudes essentielles, des comp\u00e9tences et des domaines de difficult\u00e9 d\u2019un leader  Met l&#039;accent sur les sph\u00e8res qui m\u00e8neront \u00e0 la plus forte augmentation de la performance en leadership  Offre des exercices qui aident les leaders \u00e0 cr\u00e9er des plans de d\u00e9veloppement tirant parti des forces et abordant les possibilit\u00e9s d&#039;am\u00e9lioration\" \/>\n<meta property=\"og:url\" content=\"https:\/\/kccpositivebusinesspsychology.com\/fr\/produit\/lindice-de-personnalite-de-travail-wpi-rapport-leadership\/\" \/>\n<meta property=\"og:site_name\" content=\"KCC Positive Business Psychology\" \/>\n<meta property=\"article:publisher\" content=\"https:\/\/www.facebook.com\/KeladaCC\/\" \/>\n<meta property=\"og:image\" content=\"https:\/\/kccpositivebusinesspsychology.com\/wp-content\/uploads\/2019\/10\/leadership-1.jpg\" \/>\n\t<meta property=\"og:image:width\" content=\"458\" \/>\n\t<meta property=\"og:image:height\" content=\"458\" \/>\n\t<meta property=\"og:image:type\" content=\"image\/jpeg\" \/>\n<meta name=\"twitter:card\" content=\"summary_large_image\" \/>\n<meta name=\"twitter:site\" content=\"@ikelada\" \/>\n<meta name=\"twitter:label1\" content=\"Dur\u00e9e de lecture estim\u00e9e\" \/>\n\t<meta name=\"twitter:data1\" content=\"1 minute\" \/>\n<script type=\"application\/ld+json\" class=\"yoast-schema-graph\">{\"@context\":\"https:\\\/\\\/schema.org\",\"@graph\":[{\"@type\":\"WebPage\",\"@id\":\"https:\\\/\\\/kccpositivebusinesspsychology.com\\\/fr\\\/produit\\\/lindice-de-personnalite-de-travail-wpi-rapport-leadership\\\/\",\"url\":\"https:\\\/\\\/kccpositivebusinesspsychology.com\\\/fr\\\/produit\\\/lindice-de-personnalite-de-travail-wpi-rapport-leadership\\\/\",\"name\":\"L\u2019indice de personnalit\u00e9 de travail (WPI) \u2013 Rapport Leadership &#8211; KCC Positive Business Psychology\",\"isPartOf\":{\"@id\":\"https:\\\/\\\/kccpositivebusinesspsychology.com\\\/fr\\\/#website\"},\"primaryImageOfPage\":{\"@id\":\"https:\\\/\\\/kccpositivebusinesspsychology.com\\\/fr\\\/produit\\\/lindice-de-personnalite-de-travail-wpi-rapport-leadership\\\/#primaryimage\"},\"image\":{\"@id\":\"https:\\\/\\\/kccpositivebusinesspsychology.com\\\/fr\\\/produit\\\/lindice-de-personnalite-de-travail-wpi-rapport-leadership\\\/#primaryimage\"},\"thumbnailUrl\":\"https:\\\/\\\/kccpositivebusinesspsychology.com\\\/wp-content\\\/uploads\\\/2019\\\/10\\\/leadership-1.jpg\",\"datePublished\":\"2019-10-14T20:56:28+00:00\",\"breadcrumb\":{\"@id\":\"https:\\\/\\\/kccpositivebusinesspsychology.com\\\/fr\\\/produit\\\/lindice-de-personnalite-de-travail-wpi-rapport-leadership\\\/#breadcrumb\"},\"inLanguage\":\"fr-FR\",\"potentialAction\":[{\"@type\":\"ReadAction\",\"target\":[\"https:\\\/\\\/kccpositivebusinesspsychology.com\\\/fr\\\/produit\\\/lindice-de-personnalite-de-travail-wpi-rapport-leadership\\\/\"]}]},{\"@type\":\"ImageObject\",\"inLanguage\":\"fr-FR\",\"@id\":\"https:\\\/\\\/kccpositivebusinesspsychology.com\\\/fr\\\/produit\\\/lindice-de-personnalite-de-travail-wpi-rapport-leadership\\\/#primaryimage\",\"url\":\"https:\\\/\\\/kccpositivebusinesspsychology.com\\\/wp-content\\\/uploads\\\/2019\\\/10\\\/leadership-1.jpg\",\"contentUrl\":\"https:\\\/\\\/kccpositivebusinesspsychology.com\\\/wp-content\\\/uploads\\\/2019\\\/10\\\/leadership-1.jpg\",\"width\":458,\"height\":458},{\"@type\":\"BreadcrumbList\",\"@id\":\"https:\\\/\\\/kccpositivebusinesspsychology.com\\\/fr\\\/produit\\\/lindice-de-personnalite-de-travail-wpi-rapport-leadership\\\/#breadcrumb\",\"itemListElement\":[{\"@type\":\"ListItem\",\"position\":1,\"name\":\"Home\",\"item\":\"https:\\\/\\\/kccpositivebusinesspsychology.com\\\/fr\\\/\"},{\"@type\":\"ListItem\",\"position\":2,\"name\":\"Boutique\",\"item\":\"https:\\\/\\\/kccpositivebusinesspsychology.com\\\/fr\\\/boutique\\\/\"},{\"@type\":\"ListItem\",\"position\":3,\"name\":\"L\u2019indice de personnalit\u00e9 de travail (WPI) \u2013 Rapport Leadership\"}]},{\"@type\":\"WebSite\",\"@id\":\"https:\\\/\\\/kccpositivebusinesspsychology.com\\\/fr\\\/#website\",\"url\":\"https:\\\/\\\/kccpositivebusinesspsychology.com\\\/fr\\\/\",\"name\":\"KCC Positive Business Psychology\",\"description\":\"Attirer, D\u00e9velopper et Retenir les Meilleurs Talents !\",\"publisher\":{\"@id\":\"https:\\\/\\\/kccpositivebusinesspsychology.com\\\/fr\\\/#organization\"},\"potentialAction\":[{\"@type\":\"SearchAction\",\"target\":{\"@type\":\"EntryPoint\",\"urlTemplate\":\"https:\\\/\\\/kccpositivebusinesspsychology.com\\\/fr\\\/?s={search_term_string}\"},\"query-input\":{\"@type\":\"PropertyValueSpecification\",\"valueRequired\":true,\"valueName\":\"search_term_string\"}}],\"inLanguage\":\"fr-FR\"},{\"@type\":\"Organization\",\"@id\":\"https:\\\/\\\/kccpositivebusinesspsychology.com\\\/fr\\\/#organization\",\"name\":\"KCC Psychologie positive organisationnelle\",\"url\":\"https:\\\/\\\/kccpositivebusinesspsychology.com\\\/fr\\\/\",\"logo\":{\"@type\":\"ImageObject\",\"inLanguage\":\"fr-FR\",\"@id\":\"https:\\\/\\\/kccpositivebusinesspsychology.com\\\/fr\\\/#\\\/schema\\\/logo\\\/image\\\/\",\"url\":\"https:\\\/\\\/kccpositivebusinesspsychology.com\\\/wp-content\\\/uploads\\\/2019\\\/10\\\/k.png\",\"contentUrl\":\"https:\\\/\\\/kccpositivebusinesspsychology.com\\\/wp-content\\\/uploads\\\/2019\\\/10\\\/k.png\",\"width\":500,\"height\":500,\"caption\":\"KCC Psychologie positive organisationnelle\"},\"image\":{\"@id\":\"https:\\\/\\\/kccpositivebusinesspsychology.com\\\/fr\\\/#\\\/schema\\\/logo\\\/image\\\/\"},\"sameAs\":[\"https:\\\/\\\/www.facebook.com\\\/KeladaCC\\\/\",\"https:\\\/\\\/x.com\\\/ikelada\",\"https:\\\/\\\/www.instagram.com\\\/ikelada21days\\\/\",\"https:\\\/\\\/www.linkedin.com\\\/in\\\/ingridkelada\\\/\",\"https:\\\/\\\/www.pinterest.com\\\/21daystohappiness\\\/\",\"https:\\\/\\\/www.youtube.com\\\/channel\\\/UCSUlaj4G8EmrDurlLV-FF7w\"]}]}<\/script>\n<!-- \/ Yoast SEO plugin. -->","yoast_head_json":{"title":"L\u2019indice de personnalit\u00e9 de travail (WPI) \u2013 Rapport Leadership &#8211; KCC Positive Business Psychology","robots":{"index":"index","follow":"follow","max-snippet":"max-snippet:-1","max-image-preview":"max-image-preview:large","max-video-preview":"max-video-preview:-1"},"canonical":"https:\/\/kccpositivebusinesspsychology.com\/fr\/produit\/lindice-de-personnalite-de-travail-wpi-rapport-leadership\/","og_locale":"fr_FR","og_type":"article","og_title":"L\u2019indice de personnalit\u00e9 de travail (WPI) \u2013 Rapport Leadership &#8211; KCC Positive Business Psychology","og_description":"Le rapport version leadership est con\u00e7u comme un outil de croissance professionnelle. Il aide les gestionnaires \u00e0 comprendre leur r\u00f4le de leader, maximiser leur impact et accro\u00eetre leur r\u00e9ussite dans un poste de leadership.   La dur\u00e9e du test est d'environ 20-25 minutes  Fournit des informations comportementales pr\u00e9cieuses sur 21 comp\u00e9tences regroup\u00e9es en 6 cat\u00e9gories globales:   \u00c9nergie et dynamisme  Travailler avec les autres  Style au travail  La r\u00e9solution de probl\u00e8mes  Faire face \u00e0 la pression et au stress  Reconna\u00eetre et g\u00e9rer le changement    Donne un aper\u00e7u des aptitudes essentielles, des comp\u00e9tences et des domaines de difficult\u00e9 d\u2019un leader  Met l'accent sur les sph\u00e8res qui m\u00e8neront \u00e0 la plus forte augmentation de la performance en leadership  Offre des exercices qui aident les leaders \u00e0 cr\u00e9er des plans de d\u00e9veloppement tirant parti des forces et abordant les possibilit\u00e9s d'am\u00e9lioration","og_url":"https:\/\/kccpositivebusinesspsychology.com\/fr\/produit\/lindice-de-personnalite-de-travail-wpi-rapport-leadership\/","og_site_name":"KCC Positive Business Psychology","article_publisher":"https:\/\/www.facebook.com\/KeladaCC\/","og_image":[{"width":458,"height":458,"url":"https:\/\/kccpositivebusinesspsychology.com\/wp-content\/uploads\/2019\/10\/leadership-1.jpg","type":"image\/jpeg"}],"twitter_card":"summary_large_image","twitter_site":"@ikelada","twitter_misc":{"Dur\u00e9e de lecture estim\u00e9e":"1 minute"},"schema":{"@context":"https:\/\/schema.org","@graph":[{"@type":"WebPage","@id":"https:\/\/kccpositivebusinesspsychology.com\/fr\/produit\/lindice-de-personnalite-de-travail-wpi-rapport-leadership\/","url":"https:\/\/kccpositivebusinesspsychology.com\/fr\/produit\/lindice-de-personnalite-de-travail-wpi-rapport-leadership\/","name":"L\u2019indice de personnalit\u00e9 de travail (WPI) \u2013 Rapport Leadership &#8211; KCC Positive Business Psychology","isPartOf":{"@id":"https:\/\/kccpositivebusinesspsychology.com\/fr\/#website"},"primaryImageOfPage":{"@id":"https:\/\/kccpositivebusinesspsychology.com\/fr\/produit\/lindice-de-personnalite-de-travail-wpi-rapport-leadership\/#primaryimage"},"image":{"@id":"https:\/\/kccpositivebusinesspsychology.com\/fr\/produit\/lindice-de-personnalite-de-travail-wpi-rapport-leadership\/#primaryimage"},"thumbnailUrl":"https:\/\/kccpositivebusinesspsychology.com\/wp-content\/uploads\/2019\/10\/leadership-1.jpg","datePublished":"2019-10-14T20:56:28+00:00","breadcrumb":{"@id":"https:\/\/kccpositivebusinesspsychology.com\/fr\/produit\/lindice-de-personnalite-de-travail-wpi-rapport-leadership\/#breadcrumb"},"inLanguage":"fr-FR","potentialAction":[{"@type":"ReadAction","target":["https:\/\/kccpositivebusinesspsychology.com\/fr\/produit\/lindice-de-personnalite-de-travail-wpi-rapport-leadership\/"]}]},{"@type":"ImageObject","inLanguage":"fr-FR","@id":"https:\/\/kccpositivebusinesspsychology.com\/fr\/produit\/lindice-de-personnalite-de-travail-wpi-rapport-leadership\/#primaryimage","url":"https:\/\/kccpositivebusinesspsychology.com\/wp-content\/uploads\/2019\/10\/leadership-1.jpg","contentUrl":"https:\/\/kccpositivebusinesspsychology.com\/wp-content\/uploads\/2019\/10\/leadership-1.jpg","width":458,"height":458},{"@type":"BreadcrumbList","@id":"https:\/\/kccpositivebusinesspsychology.com\/fr\/produit\/lindice-de-personnalite-de-travail-wpi-rapport-leadership\/#breadcrumb","itemListElement":[{"@type":"ListItem","position":1,"name":"Home","item":"https:\/\/kccpositivebusinesspsychology.com\/fr\/"},{"@type":"ListItem","position":2,"name":"Boutique","item":"https:\/\/kccpositivebusinesspsychology.com\/fr\/boutique\/"},{"@type":"ListItem","position":3,"name":"L\u2019indice de personnalit\u00e9 de travail (WPI) \u2013 Rapport Leadership"}]},{"@type":"WebSite","@id":"https:\/\/kccpositivebusinesspsychology.com\/fr\/#website","url":"https:\/\/kccpositivebusinesspsychology.com\/fr\/","name":"KCC Positive Business Psychology","description":"Attirer, D\u00e9velopper et Retenir les Meilleurs Talents !","publisher":{"@id":"https:\/\/kccpositivebusinesspsychology.com\/fr\/#organization"},"potentialAction":[{"@type":"SearchAction","target":{"@type":"EntryPoint","urlTemplate":"https:\/\/kccpositivebusinesspsychology.com\/fr\/?s={search_term_string}"},"query-input":{"@type":"PropertyValueSpecification","valueRequired":true,"valueName":"search_term_string"}}],"inLanguage":"fr-FR"},{"@type":"Organization","@id":"https:\/\/kccpositivebusinesspsychology.com\/fr\/#organization","name":"KCC Psychologie positive organisationnelle","url":"https:\/\/kccpositivebusinesspsychology.com\/fr\/","logo":{"@type":"ImageObject","inLanguage":"fr-FR","@id":"https:\/\/kccpositivebusinesspsychology.com\/fr\/#\/schema\/logo\/image\/","url":"https:\/\/kccpositivebusinesspsychology.com\/wp-content\/uploads\/2019\/10\/k.png","contentUrl":"https:\/\/kccpositivebusinesspsychology.com\/wp-content\/uploads\/2019\/10\/k.png","width":500,"height":500,"caption":"KCC Psychologie positive organisationnelle"},"image":{"@id":"https:\/\/kccpositivebusinesspsychology.com\/fr\/#\/schema\/logo\/image\/"},"sameAs":["https:\/\/www.facebook.com\/KeladaCC\/","https:\/\/x.com\/ikelada","https:\/\/www.instagram.com\/ikelada21days\/","https:\/\/www.linkedin.com\/in\/ingridkelada\/","https:\/\/www.pinterest.com\/21daystohappiness\/","https:\/\/www.youtube.com\/channel\/UCSUlaj4G8EmrDurlLV-FF7w"]}]}},"_links":{"self":[{"href":"https:\/\/kccpositivebusinesspsychology.com\/fr\/wp-json\/wp\/v2\/product\/28182","targetHints":{"allow":["GET"]}}],"collection":[{"href":"https:\/\/kccpositivebusinesspsychology.com\/fr\/wp-json\/wp\/v2\/product"}],"about":[{"href":"https:\/\/kccpositivebusinesspsychology.com\/fr\/wp-json\/wp\/v2\/types\/product"}],"wp:featuredmedia":[{"embeddable":true,"href":"https:\/\/kccpositivebusinesspsychology.com\/fr\/wp-json\/wp\/v2\/media\/27355"}],"wp:attachment":[{"href":"https:\/\/kccpositivebusinesspsychology.com\/fr\/wp-json\/wp\/v2\/media?parent=28182"}],"wp:term":[{"taxonomy":"product_brand","embeddable":true,"href":"https:\/\/kccpositivebusinesspsychology.com\/fr\/wp-json\/wp\/v2\/product_brand?post=28182"},{"taxonomy":"product_cat","embeddable":true,"href":"https:\/\/kccpositivebusinesspsychology.com\/fr\/wp-json\/wp\/v2\/product_cat?post=28182"},{"taxonomy":"product_tag","embeddable":true,"href":"https:\/\/kccpositivebusinesspsychology.com\/fr\/wp-json\/wp\/v2\/product_tag?post=28182"}],"curies":[{"name":"wp","href":"https:\/\/api.w.org\/{rel}","templated":true}]}}