{"id":28188,"date":"2019-10-14T16:56:26","date_gmt":"2019-10-14T20:56:26","guid":{"rendered":"https:\/\/kccpositivebusinesspsychology.com\/product\/disc-quelle-est-votre-couleur-rapport-detaille\/"},"modified":"2025-03-06T16:38:46","modified_gmt":"2025-03-06T20:38:46","slug":"disc-quelle-est-votre-couleur-rapport-detaille","status":"publish","type":"product","link":"https:\/\/kccpositivebusinesspsychology.com\/fr\/produit\/disc-quelle-est-votre-couleur-rapport-detaille\/","title":{"rendered":"DISC (Quelle est votre couleur?) \u2013 Rapport D\u00e9taill\u00e9"},"content":{"rendered":"","protected":false},"excerpt":{"rendered":"<p>Ce rapport est notre <strong>rapport le plus complet pour le d\u00e9veloppement personnel ou professionnel<\/strong>. Cette version comporte davantage de graphiques et d&rsquo;\u00e9l\u00e9ments visuels. Il aide \u00e0 mieux se comprendre et comprendre les autres, offre des conseils pour le d\u00e9veloppement professionnel, des strat\u00e9gies pour surmonter les angles morts et des guides de communication. Ce rapport fournit une interpr\u00e9tation compl\u00e8te et pr\u00e9cise des r\u00e9sultats et est essentiel pour une bonne compr\u00e9hension sans l&rsquo;accompagnement d&rsquo;un expert.<\/p>\n<ul>\n<li>Test time is about 10-15 minutes<\/li>\n<li>Rapport de 50 pages<\/li>\n<li>D\u00e9crit le style de comportement naturel et les pr\u00e9f\u00e9rences d&rsquo;un individu.<\/li>\n<li>Identifie les forces, le potentiel non exploit\u00e9 et les opportunit\u00e9s d&rsquo;am\u00e9lioration.<\/li>\n<li>Le rapport comprend les sections suivantes :\n<ul>\n<li>Aper\u00e7u du DISC<\/li>\n<li>Description sommaire<\/li>\n<li>Mots qui vous d\u00e9crivent<\/li>\n<li>Points forts<\/li>\n<li>Comment donner le meilleur de vous-m\u00eame<\/li>\n<li>Environnement et dynamique d&rsquo;\u00e9quipe<\/li>\n<li>Graphiques de personnalit\u00e9<\/li>\n<li>Introduction \u00e0 votre style \u00e0 l&rsquo;aide des termes DISC<\/li>\n<li>Style de communication<\/li>\n<li>Priorit\u00e9s et prise de d\u00e9cision<\/li>\n<li>Suggestions pour travailler avec vous<\/li>\n<li>Conseils en mati\u00e8re de communication et de pr\u00e9sentation<\/li>\n<li>Perspectives de leadership (4 pages)<\/li>\n<li>Ce qu&rsquo;il faut souligner pour chaque style<\/li>\n<li>Observations sur le comportement des styles de base<\/li>\n<li>Perspectives de d\u00e9veloppement professionnel<\/li>\n<li>Perspectives de d\u00e9veloppement \u00e0 long terme<\/li>\n<li>Tableau : Comportement du style de base<\/li>\n<li>Graphique : Style de communication<\/li>\n<li>Graphique : Priorit\u00e9s et prise de d\u00e9cision<\/li>\n<li>Graphique : Traits de caract\u00e8re \u00e9lev\u00e9s et faibles<\/li>\n<li>Graphique : Lire les autres<\/li>\n<li>3 conseils \u00e0 retenir pour chaque style<\/li>\n<li>DISC &#8211; Tableau de r\u00e9f\u00e9rence \u00e0 retenir<\/li>\n<li>Id\u00e9es pour vous aider \u00e0 \u00e9tablir des relations avec les personnes dominantes<\/li>\n<li>Id\u00e9es pour vous aider \u00e0 entrer en contact avec des personnes inspirantes<\/li>\n<li>Ce qui vous aide \u00e0 entrer en relation avec les personnes qui vous soutiennent<\/li>\n<li>Points de vue sur les personnes prudentes<\/li>\n<li>Perceptions et aper\u00e7us du style dominant<\/li>\n<li>Perceptions et aper\u00e7us du style inspirant<\/li>\n<li>Perceptions et aper\u00e7us du style de soutien<\/li>\n<li>Perceptions et aper\u00e7us du style prudent<\/li>\n<li>Comprendre le graphique de votre environnement<\/li>\n<li>Comprendre le graphique de votre personnalit\u00e9 r\u00e9elle<\/li>\n<li>Graphique : Revue des traits DISC<\/li>\n<\/ul>\n<\/li>\n<li>Fournit des informations d\u00e9taill\u00e9es et des conseils utiles.<\/li>\n<li>Inclus\u00a0: outil pour faire une synth\u00e8se personnelle des r\u00e9sultats \u00e0 la fin<\/li>\n<\/ul>\n<style>\n.details-table td {<br \/>    padding-left: 0%;<br \/>    font-size: 15px;<br \/>    line-height: 25px;<br \/>width: 25%;<br \/>}<\/style>\n","protected":false},"featured_media":27353,"template":"","meta":{"content-type":""},"product_brand":[],"product_cat":[382,399,381,387],"product_tag":[],"class_list":{"0":"post-28188","1":"product","2":"type-product","3":"status-publish","4":"has-post-thumbnail","6":"product_cat-disc-fr","7":"product_cat-francais-fr","8":"product_cat-questionnaires","9":"product_cat-travail-developpement-personnel","11":"first","12":"instock","13":"taxable","14":"shipping-taxable","15":"purchasable","16":"product-type-simple"},"yoast_head":"<!-- This site is optimized with the Yoast SEO plugin v27.6 - https:\/\/yoast.com\/product\/yoast-seo-wordpress\/ -->\n<title>DISC (Quelle est votre couleur?) \u2013 Rapport D\u00e9taill\u00e9 &#8211; KCC Positive Business Psychology<\/title>\n<meta name=\"robots\" content=\"index, follow, max-snippet:-1, max-image-preview:large, max-video-preview:-1\" \/>\n<link rel=\"canonical\" href=\"https:\/\/kccpositivebusinesspsychology.com\/fr\/produit\/disc-quelle-est-votre-couleur-rapport-detaille\/\" \/>\n<meta property=\"og:locale\" content=\"fr_FR\" \/>\n<meta property=\"og:type\" content=\"article\" \/>\n<meta property=\"og:title\" content=\"DISC (Quelle est votre couleur?) \u2013 Rapport D\u00e9taill\u00e9 &#8211; KCC Positive Business Psychology\" \/>\n<meta property=\"og:description\" content=\"Ce rapport est notre rapport le plus complet pour le d\u00e9veloppement personnel ou professionnel. Cette version comporte davantage de graphiques et d&#039;\u00e9l\u00e9ments visuels. Il aide \u00e0 mieux se comprendre et comprendre les autres, offre des conseils pour le d\u00e9veloppement professionnel, des strat\u00e9gies pour surmonter les angles morts et des guides de communication. Ce rapport fournit une interpr\u00e9tation compl\u00e8te et pr\u00e9cise des r\u00e9sultats et est essentiel pour une bonne compr\u00e9hension sans l&#039;accompagnement d&#039;un expert.   Test time is about 10-15 minutes  Rapport de 50 pages  D\u00e9crit le style de comportement naturel et les pr\u00e9f\u00e9rences d&#039;un individu.  Identifie les forces, le potentiel non exploit\u00e9 et les opportunit\u00e9s d&#039;am\u00e9lioration.  Le rapport comprend les sections suivantes :   Aper\u00e7u du DISC  Description sommaire  Mots qui vous d\u00e9crivent  Points forts  Comment donner le meilleur de vous-m\u00eame  Environnement et dynamique d&#039;\u00e9quipe  Graphiques de personnalit\u00e9  Introduction \u00e0 votre style \u00e0 l&#039;aide des termes DISC  Style de communication  Priorit\u00e9s et prise de d\u00e9cision  Suggestions pour travailler avec vous  Conseils en mati\u00e8re de communication et de pr\u00e9sentation  Perspectives de leadership (4 pages)  Ce qu&#039;il faut souligner pour chaque style  Observations sur le comportement des styles de base  Perspectives de d\u00e9veloppement professionnel  Perspectives de d\u00e9veloppement \u00e0 long terme  Tableau : Comportement du style de base  Graphique : Style de communication  Graphique : Priorit\u00e9s et prise de d\u00e9cision  Graphique : Traits de caract\u00e8re \u00e9lev\u00e9s et faibles  Graphique : Lire les autres  3 conseils \u00e0 retenir pour chaque style  DISC - Tableau de r\u00e9f\u00e9rence \u00e0 retenir  Id\u00e9es pour vous aider \u00e0 \u00e9tablir des relations avec les personnes dominantes  Id\u00e9es pour vous aider \u00e0 entrer en contact avec des personnes inspirantes  Ce qui vous aide \u00e0 entrer en relation avec les personnes qui vous soutiennent  Points de vue sur les personnes prudentes  Perceptions et aper\u00e7us du style dominant  Perceptions et aper\u00e7us du style inspirant  Perceptions et aper\u00e7us du style de soutien  Perceptions et aper\u00e7us du style prudent  Comprendre le graphique de votre environnement  Comprendre le graphique de votre personnalit\u00e9 r\u00e9elle  Graphique : Revue des traits DISC    Fournit des informations d\u00e9taill\u00e9es et des conseils utiles.  Inclus\u00a0: outil pour faire une synth\u00e8se personnelle des r\u00e9sultats \u00e0 la fin\" \/>\n<meta property=\"og:url\" content=\"https:\/\/kccpositivebusinesspsychology.com\/fr\/produit\/disc-quelle-est-votre-couleur-rapport-detaille\/\" \/>\n<meta property=\"og:site_name\" content=\"KCC Positive Business Psychology\" \/>\n<meta property=\"article:publisher\" content=\"https:\/\/www.facebook.com\/KeladaCC\/\" \/>\n<meta property=\"article:modified_time\" content=\"2025-03-06T20:38:46+00:00\" \/>\n<meta property=\"og:image\" content=\"https:\/\/kccpositivebusinesspsychology.com\/wp-content\/uploads\/2019\/10\/ExtendedReport-1.jpg\" \/>\n\t<meta property=\"og:image:width\" content=\"458\" \/>\n\t<meta property=\"og:image:height\" content=\"458\" \/>\n\t<meta property=\"og:image:type\" content=\"image\/jpeg\" \/>\n<meta name=\"twitter:card\" content=\"summary_large_image\" \/>\n<meta name=\"twitter:site\" content=\"@ikelada\" \/>\n<meta name=\"twitter:label1\" content=\"Dur\u00e9e de lecture estim\u00e9e\" \/>\n\t<meta name=\"twitter:data1\" content=\"1 minute\" \/>\n<script type=\"application\/ld+json\" class=\"yoast-schema-graph\">{\"@context\":\"https:\\\/\\\/schema.org\",\"@graph\":[{\"@type\":\"WebPage\",\"@id\":\"https:\\\/\\\/kccpositivebusinesspsychology.com\\\/fr\\\/produit\\\/disc-quelle-est-votre-couleur-rapport-detaille\\\/\",\"url\":\"https:\\\/\\\/kccpositivebusinesspsychology.com\\\/fr\\\/produit\\\/disc-quelle-est-votre-couleur-rapport-detaille\\\/\",\"name\":\"DISC (Quelle est votre couleur?) \u2013 Rapport D\u00e9taill\u00e9 &#8211; KCC Positive Business Psychology\",\"isPartOf\":{\"@id\":\"https:\\\/\\\/kccpositivebusinesspsychology.com\\\/fr\\\/#website\"},\"primaryImageOfPage\":{\"@id\":\"https:\\\/\\\/kccpositivebusinesspsychology.com\\\/fr\\\/produit\\\/disc-quelle-est-votre-couleur-rapport-detaille\\\/#primaryimage\"},\"image\":{\"@id\":\"https:\\\/\\\/kccpositivebusinesspsychology.com\\\/fr\\\/produit\\\/disc-quelle-est-votre-couleur-rapport-detaille\\\/#primaryimage\"},\"thumbnailUrl\":\"https:\\\/\\\/kccpositivebusinesspsychology.com\\\/wp-content\\\/uploads\\\/2019\\\/10\\\/ExtendedReport-1.jpg\",\"datePublished\":\"2019-10-14T20:56:26+00:00\",\"dateModified\":\"2025-03-06T20:38:46+00:00\",\"breadcrumb\":{\"@id\":\"https:\\\/\\\/kccpositivebusinesspsychology.com\\\/fr\\\/produit\\\/disc-quelle-est-votre-couleur-rapport-detaille\\\/#breadcrumb\"},\"inLanguage\":\"fr-FR\",\"potentialAction\":[{\"@type\":\"ReadAction\",\"target\":[\"https:\\\/\\\/kccpositivebusinesspsychology.com\\\/fr\\\/produit\\\/disc-quelle-est-votre-couleur-rapport-detaille\\\/\"]}]},{\"@type\":\"ImageObject\",\"inLanguage\":\"fr-FR\",\"@id\":\"https:\\\/\\\/kccpositivebusinesspsychology.com\\\/fr\\\/produit\\\/disc-quelle-est-votre-couleur-rapport-detaille\\\/#primaryimage\",\"url\":\"https:\\\/\\\/kccpositivebusinesspsychology.com\\\/wp-content\\\/uploads\\\/2019\\\/10\\\/ExtendedReport-1.jpg\",\"contentUrl\":\"https:\\\/\\\/kccpositivebusinesspsychology.com\\\/wp-content\\\/uploads\\\/2019\\\/10\\\/ExtendedReport-1.jpg\",\"width\":458,\"height\":458},{\"@type\":\"BreadcrumbList\",\"@id\":\"https:\\\/\\\/kccpositivebusinesspsychology.com\\\/fr\\\/produit\\\/disc-quelle-est-votre-couleur-rapport-detaille\\\/#breadcrumb\",\"itemListElement\":[{\"@type\":\"ListItem\",\"position\":1,\"name\":\"Home\",\"item\":\"https:\\\/\\\/kccpositivebusinesspsychology.com\\\/fr\\\/\"},{\"@type\":\"ListItem\",\"position\":2,\"name\":\"Boutique\",\"item\":\"https:\\\/\\\/kccpositivebusinesspsychology.com\\\/fr\\\/boutique\\\/\"},{\"@type\":\"ListItem\",\"position\":3,\"name\":\"DISC (Quelle est votre couleur?) \u2013 Rapport D\u00e9taill\u00e9\"}]},{\"@type\":\"WebSite\",\"@id\":\"https:\\\/\\\/kccpositivebusinesspsychology.com\\\/fr\\\/#website\",\"url\":\"https:\\\/\\\/kccpositivebusinesspsychology.com\\\/fr\\\/\",\"name\":\"KCC Positive Business Psychology\",\"description\":\"Attirer, D\u00e9velopper et Retenir les Meilleurs Talents !\",\"publisher\":{\"@id\":\"https:\\\/\\\/kccpositivebusinesspsychology.com\\\/fr\\\/#organization\"},\"potentialAction\":[{\"@type\":\"SearchAction\",\"target\":{\"@type\":\"EntryPoint\",\"urlTemplate\":\"https:\\\/\\\/kccpositivebusinesspsychology.com\\\/fr\\\/?s={search_term_string}\"},\"query-input\":{\"@type\":\"PropertyValueSpecification\",\"valueRequired\":true,\"valueName\":\"search_term_string\"}}],\"inLanguage\":\"fr-FR\"},{\"@type\":\"Organization\",\"@id\":\"https:\\\/\\\/kccpositivebusinesspsychology.com\\\/fr\\\/#organization\",\"name\":\"KCC Psychologie positive organisationnelle\",\"url\":\"https:\\\/\\\/kccpositivebusinesspsychology.com\\\/fr\\\/\",\"logo\":{\"@type\":\"ImageObject\",\"inLanguage\":\"fr-FR\",\"@id\":\"https:\\\/\\\/kccpositivebusinesspsychology.com\\\/fr\\\/#\\\/schema\\\/logo\\\/image\\\/\",\"url\":\"https:\\\/\\\/kccpositivebusinesspsychology.com\\\/wp-content\\\/uploads\\\/2019\\\/10\\\/k.png\",\"contentUrl\":\"https:\\\/\\\/kccpositivebusinesspsychology.com\\\/wp-content\\\/uploads\\\/2019\\\/10\\\/k.png\",\"width\":500,\"height\":500,\"caption\":\"KCC Psychologie positive organisationnelle\"},\"image\":{\"@id\":\"https:\\\/\\\/kccpositivebusinesspsychology.com\\\/fr\\\/#\\\/schema\\\/logo\\\/image\\\/\"},\"sameAs\":[\"https:\\\/\\\/www.facebook.com\\\/KeladaCC\\\/\",\"https:\\\/\\\/x.com\\\/ikelada\",\"https:\\\/\\\/www.instagram.com\\\/ikelada21days\\\/\",\"https:\\\/\\\/www.linkedin.com\\\/in\\\/ingridkelada\\\/\",\"https:\\\/\\\/www.pinterest.com\\\/21daystohappiness\\\/\",\"https:\\\/\\\/www.youtube.com\\\/channel\\\/UCSUlaj4G8EmrDurlLV-FF7w\"]}]}<\/script>\n<!-- \/ Yoast SEO plugin. -->","yoast_head_json":{"title":"DISC (Quelle est votre couleur?) \u2013 Rapport D\u00e9taill\u00e9 &#8211; KCC Positive Business Psychology","robots":{"index":"index","follow":"follow","max-snippet":"max-snippet:-1","max-image-preview":"max-image-preview:large","max-video-preview":"max-video-preview:-1"},"canonical":"https:\/\/kccpositivebusinesspsychology.com\/fr\/produit\/disc-quelle-est-votre-couleur-rapport-detaille\/","og_locale":"fr_FR","og_type":"article","og_title":"DISC (Quelle est votre couleur?) \u2013 Rapport D\u00e9taill\u00e9 &#8211; KCC Positive Business Psychology","og_description":"Ce rapport est notre rapport le plus complet pour le d\u00e9veloppement personnel ou professionnel. Cette version comporte davantage de graphiques et d'\u00e9l\u00e9ments visuels. Il aide \u00e0 mieux se comprendre et comprendre les autres, offre des conseils pour le d\u00e9veloppement professionnel, des strat\u00e9gies pour surmonter les angles morts et des guides de communication. Ce rapport fournit une interpr\u00e9tation compl\u00e8te et pr\u00e9cise des r\u00e9sultats et est essentiel pour une bonne compr\u00e9hension sans l'accompagnement d'un expert.   Test time is about 10-15 minutes  Rapport de 50 pages  D\u00e9crit le style de comportement naturel et les pr\u00e9f\u00e9rences d'un individu.  Identifie les forces, le potentiel non exploit\u00e9 et les opportunit\u00e9s d'am\u00e9lioration.  Le rapport comprend les sections suivantes :   Aper\u00e7u du DISC  Description sommaire  Mots qui vous d\u00e9crivent  Points forts  Comment donner le meilleur de vous-m\u00eame  Environnement et dynamique d'\u00e9quipe  Graphiques de personnalit\u00e9  Introduction \u00e0 votre style \u00e0 l'aide des termes DISC  Style de communication  Priorit\u00e9s et prise de d\u00e9cision  Suggestions pour travailler avec vous  Conseils en mati\u00e8re de communication et de pr\u00e9sentation  Perspectives de leadership (4 pages)  Ce qu'il faut souligner pour chaque style  Observations sur le comportement des styles de base  Perspectives de d\u00e9veloppement professionnel  Perspectives de d\u00e9veloppement \u00e0 long terme  Tableau : Comportement du style de base  Graphique : Style de communication  Graphique : Priorit\u00e9s et prise de d\u00e9cision  Graphique : Traits de caract\u00e8re \u00e9lev\u00e9s et faibles  Graphique : Lire les autres  3 conseils \u00e0 retenir pour chaque style  DISC - Tableau de r\u00e9f\u00e9rence \u00e0 retenir  Id\u00e9es pour vous aider \u00e0 \u00e9tablir des relations avec les personnes dominantes  Id\u00e9es pour vous aider \u00e0 entrer en contact avec des personnes inspirantes  Ce qui vous aide \u00e0 entrer en relation avec les personnes qui vous soutiennent  Points de vue sur les personnes prudentes  Perceptions et aper\u00e7us du style dominant  Perceptions et aper\u00e7us du style inspirant  Perceptions et aper\u00e7us du style de soutien  Perceptions et aper\u00e7us du style prudent  Comprendre le graphique de votre environnement  Comprendre le graphique de votre personnalit\u00e9 r\u00e9elle  Graphique : Revue des traits DISC    Fournit des informations d\u00e9taill\u00e9es et des conseils utiles.  Inclus\u00a0: outil pour faire une synth\u00e8se personnelle des r\u00e9sultats \u00e0 la fin","og_url":"https:\/\/kccpositivebusinesspsychology.com\/fr\/produit\/disc-quelle-est-votre-couleur-rapport-detaille\/","og_site_name":"KCC Positive Business Psychology","article_publisher":"https:\/\/www.facebook.com\/KeladaCC\/","article_modified_time":"2025-03-06T20:38:46+00:00","og_image":[{"width":458,"height":458,"url":"https:\/\/kccpositivebusinesspsychology.com\/wp-content\/uploads\/2019\/10\/ExtendedReport-1.jpg","type":"image\/jpeg"}],"twitter_card":"summary_large_image","twitter_site":"@ikelada","twitter_misc":{"Dur\u00e9e de lecture estim\u00e9e":"1 minute"},"schema":{"@context":"https:\/\/schema.org","@graph":[{"@type":"WebPage","@id":"https:\/\/kccpositivebusinesspsychology.com\/fr\/produit\/disc-quelle-est-votre-couleur-rapport-detaille\/","url":"https:\/\/kccpositivebusinesspsychology.com\/fr\/produit\/disc-quelle-est-votre-couleur-rapport-detaille\/","name":"DISC (Quelle est votre couleur?) \u2013 Rapport D\u00e9taill\u00e9 &#8211; KCC Positive Business Psychology","isPartOf":{"@id":"https:\/\/kccpositivebusinesspsychology.com\/fr\/#website"},"primaryImageOfPage":{"@id":"https:\/\/kccpositivebusinesspsychology.com\/fr\/produit\/disc-quelle-est-votre-couleur-rapport-detaille\/#primaryimage"},"image":{"@id":"https:\/\/kccpositivebusinesspsychology.com\/fr\/produit\/disc-quelle-est-votre-couleur-rapport-detaille\/#primaryimage"},"thumbnailUrl":"https:\/\/kccpositivebusinesspsychology.com\/wp-content\/uploads\/2019\/10\/ExtendedReport-1.jpg","datePublished":"2019-10-14T20:56:26+00:00","dateModified":"2025-03-06T20:38:46+00:00","breadcrumb":{"@id":"https:\/\/kccpositivebusinesspsychology.com\/fr\/produit\/disc-quelle-est-votre-couleur-rapport-detaille\/#breadcrumb"},"inLanguage":"fr-FR","potentialAction":[{"@type":"ReadAction","target":["https:\/\/kccpositivebusinesspsychology.com\/fr\/produit\/disc-quelle-est-votre-couleur-rapport-detaille\/"]}]},{"@type":"ImageObject","inLanguage":"fr-FR","@id":"https:\/\/kccpositivebusinesspsychology.com\/fr\/produit\/disc-quelle-est-votre-couleur-rapport-detaille\/#primaryimage","url":"https:\/\/kccpositivebusinesspsychology.com\/wp-content\/uploads\/2019\/10\/ExtendedReport-1.jpg","contentUrl":"https:\/\/kccpositivebusinesspsychology.com\/wp-content\/uploads\/2019\/10\/ExtendedReport-1.jpg","width":458,"height":458},{"@type":"BreadcrumbList","@id":"https:\/\/kccpositivebusinesspsychology.com\/fr\/produit\/disc-quelle-est-votre-couleur-rapport-detaille\/#breadcrumb","itemListElement":[{"@type":"ListItem","position":1,"name":"Home","item":"https:\/\/kccpositivebusinesspsychology.com\/fr\/"},{"@type":"ListItem","position":2,"name":"Boutique","item":"https:\/\/kccpositivebusinesspsychology.com\/fr\/boutique\/"},{"@type":"ListItem","position":3,"name":"DISC (Quelle est votre couleur?) \u2013 Rapport D\u00e9taill\u00e9"}]},{"@type":"WebSite","@id":"https:\/\/kccpositivebusinesspsychology.com\/fr\/#website","url":"https:\/\/kccpositivebusinesspsychology.com\/fr\/","name":"KCC Positive Business Psychology","description":"Attirer, D\u00e9velopper et Retenir les Meilleurs Talents !","publisher":{"@id":"https:\/\/kccpositivebusinesspsychology.com\/fr\/#organization"},"potentialAction":[{"@type":"SearchAction","target":{"@type":"EntryPoint","urlTemplate":"https:\/\/kccpositivebusinesspsychology.com\/fr\/?s={search_term_string}"},"query-input":{"@type":"PropertyValueSpecification","valueRequired":true,"valueName":"search_term_string"}}],"inLanguage":"fr-FR"},{"@type":"Organization","@id":"https:\/\/kccpositivebusinesspsychology.com\/fr\/#organization","name":"KCC Psychologie positive organisationnelle","url":"https:\/\/kccpositivebusinesspsychology.com\/fr\/","logo":{"@type":"ImageObject","inLanguage":"fr-FR","@id":"https:\/\/kccpositivebusinesspsychology.com\/fr\/#\/schema\/logo\/image\/","url":"https:\/\/kccpositivebusinesspsychology.com\/wp-content\/uploads\/2019\/10\/k.png","contentUrl":"https:\/\/kccpositivebusinesspsychology.com\/wp-content\/uploads\/2019\/10\/k.png","width":500,"height":500,"caption":"KCC Psychologie positive organisationnelle"},"image":{"@id":"https:\/\/kccpositivebusinesspsychology.com\/fr\/#\/schema\/logo\/image\/"},"sameAs":["https:\/\/www.facebook.com\/KeladaCC\/","https:\/\/x.com\/ikelada","https:\/\/www.instagram.com\/ikelada21days\/","https:\/\/www.linkedin.com\/in\/ingridkelada\/","https:\/\/www.pinterest.com\/21daystohappiness\/","https:\/\/www.youtube.com\/channel\/UCSUlaj4G8EmrDurlLV-FF7w"]}]}},"_links":{"self":[{"href":"https:\/\/kccpositivebusinesspsychology.com\/fr\/wp-json\/wp\/v2\/product\/28188","targetHints":{"allow":["GET"]}}],"collection":[{"href":"https:\/\/kccpositivebusinesspsychology.com\/fr\/wp-json\/wp\/v2\/product"}],"about":[{"href":"https:\/\/kccpositivebusinesspsychology.com\/fr\/wp-json\/wp\/v2\/types\/product"}],"wp:featuredmedia":[{"embeddable":true,"href":"https:\/\/kccpositivebusinesspsychology.com\/fr\/wp-json\/wp\/v2\/media\/27353"}],"wp:attachment":[{"href":"https:\/\/kccpositivebusinesspsychology.com\/fr\/wp-json\/wp\/v2\/media?parent=28188"}],"wp:term":[{"taxonomy":"product_brand","embeddable":true,"href":"https:\/\/kccpositivebusinesspsychology.com\/fr\/wp-json\/wp\/v2\/product_brand?post=28188"},{"taxonomy":"product_cat","embeddable":true,"href":"https:\/\/kccpositivebusinesspsychology.com\/fr\/wp-json\/wp\/v2\/product_cat?post=28188"},{"taxonomy":"product_tag","embeddable":true,"href":"https:\/\/kccpositivebusinesspsychology.com\/fr\/wp-json\/wp\/v2\/product_tag?post=28188"}],"curies":[{"name":"wp","href":"https:\/\/api.w.org\/{rel}","templated":true}]}}