{"id":28194,"date":"2019-10-14T14:35:00","date_gmt":"2019-10-14T18:35:00","guid":{"rendered":"https:\/\/kccpositivebusinesspsychology.com\/product\/disc-quelle-est-votre-couleur-rapport-classique\/"},"modified":"2025-03-06T16:57:55","modified_gmt":"2025-03-06T20:57:55","slug":"disc-quelle-est-votre-couleur-rapport-classique","status":"publish","type":"product","link":"https:\/\/kccpositivebusinesspsychology.com\/fr\/produit\/disc-quelle-est-votre-couleur-rapport-classique\/","title":{"rendered":"DISC (Quelle est votre couleur?) \u2013 Rapport Classique"},"content":{"rendered":"","protected":false},"excerpt":{"rendered":"<p>Ce rapport fournit une interpr\u00e9tation compl\u00e8te et pr\u00e9cise des r\u00e9sultats et est <strong>essentiel pour une bonne compr\u00e9hension sans l&rsquo;accompagnement d&rsquo;un expert<\/strong>. Il est id\u00e9al pour le <strong>d\u00e9veloppement personnel ou professionnel<\/strong>. Il vous aide \u00e0 vous comprendre et \u00e0 comprendre les autres pour une meilleure interaction. Il montre comment les autres peuvent mieux travailler avec vous, des conseils pour le d\u00e9veloppement professionnel et comment surmonter les angles morts, des guides pour la communication et la pr\u00e9sentation et plus encore.<\/p>\n<ul>\n<li>La dur\u00e9e du test est d&rsquo;environ 10 minutes<\/li>\n<li>Rapport de 30 pages<\/li>\n<li>D\u00e9crit le style de comportement naturel et les pr\u00e9f\u00e9rences d&rsquo;un individu.<\/li>\n<li>Identifie les forces, le potentiel non exploit\u00e9 et les opportunit\u00e9s d&rsquo;am\u00e9lioration.<\/li>\n<li>Le rapport comprend les sections suivantes :\n<ul>\n<li>Les mots qui vous d\u00e9crivent<\/li>\n<li>Vos points forts<\/li>\n<li>Les cl\u00e9s de l&rsquo;excellence<\/li>\n<li>Votre valeur dans une \u00e9quipe<\/li>\n<li>Votre graphique de personnalit\u00e9 DISC<\/li>\n<li>Introduction au DISC<\/li>\n<li>Votre style de communication<\/li>\n<li>Votre style de comportement de base et vos pr\u00e9f\u00e9rences<\/li>\n<li>Votre style de prise de d\u00e9cision<\/li>\n<li>Suggestions\u00a0: d\u00e9veloppement professionnel<\/li>\n<li>Suggestions\u00a0: d\u00e9veloppement \u00e0 long terme<\/li>\n<\/ul>\n<\/li>\n<li>Fournit des informations d\u00e9taill\u00e9es et des conseils utiles.<\/li>\n<li>Inclus : outil pour faire une synth\u00e8se personnelle des r\u00e9sultats \u00e0 la fin<\/li>\n<\/ul>\n<p>Permet d&rsquo;identifier les meilleurs candidats. Ce rapport fournit une \u00e9valuation compl\u00e8te et objective du comportement de travail.<\/p>\n<style>\n.details-table td {<br \/>    padding-left: 0%;<br \/>    font-size: 15px;<br \/>    line-height: 25px;<br \/>width: 25%;<br \/>}<\/style>\n","protected":false},"featured_media":27352,"template":"","meta":{"content-type":""},"product_brand":[],"product_cat":[382,399,381,387],"product_tag":[],"class_list":{"0":"post-28194","1":"product","2":"type-product","3":"status-publish","4":"has-post-thumbnail","6":"product_cat-disc-fr","7":"product_cat-francais-fr","8":"product_cat-questionnaires","9":"product_cat-travail-developpement-personnel","11":"first","12":"instock","13":"taxable","14":"shipping-taxable","15":"purchasable","16":"product-type-simple"},"yoast_head":"<!-- This site is optimized with the Yoast SEO plugin v27.6 - https:\/\/yoast.com\/product\/yoast-seo-wordpress\/ -->\n<title>DISC (Quelle est votre couleur?) \u2013 Rapport Classique &#8211; KCC Positive Business Psychology<\/title>\n<meta name=\"robots\" content=\"index, follow, max-snippet:-1, max-image-preview:large, max-video-preview:-1\" \/>\n<link rel=\"canonical\" href=\"https:\/\/kccpositivebusinesspsychology.com\/fr\/produit\/disc-quelle-est-votre-couleur-rapport-classique\/\" \/>\n<meta property=\"og:locale\" content=\"fr_FR\" \/>\n<meta property=\"og:type\" content=\"article\" \/>\n<meta property=\"og:title\" content=\"DISC (Quelle est votre couleur?) \u2013 Rapport Classique &#8211; KCC Positive Business Psychology\" \/>\n<meta property=\"og:description\" content=\"Ce rapport fournit une interpr\u00e9tation compl\u00e8te et pr\u00e9cise des r\u00e9sultats et est essentiel pour une bonne compr\u00e9hension sans l&#039;accompagnement d&#039;un expert. Il est id\u00e9al pour le d\u00e9veloppement personnel ou professionnel. Il vous aide \u00e0 vous comprendre et \u00e0 comprendre les autres pour une meilleure interaction. Il montre comment les autres peuvent mieux travailler avec vous, des conseils pour le d\u00e9veloppement professionnel et comment surmonter les angles morts, des guides pour la communication et la pr\u00e9sentation et plus encore.   La dur\u00e9e du test est d&#039;environ 10 minutes  Rapport de 30 pages  D\u00e9crit le style de comportement naturel et les pr\u00e9f\u00e9rences d&#039;un individu.  Identifie les forces, le potentiel non exploit\u00e9 et les opportunit\u00e9s d&#039;am\u00e9lioration.  Le rapport comprend les sections suivantes :   Les mots qui vous d\u00e9crivent  Vos points forts  Les cl\u00e9s de l&#039;excellence  Votre valeur dans une \u00e9quipe  Votre graphique de personnalit\u00e9 DISC  Introduction au DISC  Votre style de communication  Votre style de comportement de base et vos pr\u00e9f\u00e9rences  Votre style de prise de d\u00e9cision  Suggestions\u00a0: d\u00e9veloppement professionnel  Suggestions\u00a0: d\u00e9veloppement \u00e0 long terme    Fournit des informations d\u00e9taill\u00e9es et des conseils utiles.  Inclus : outil pour faire une synth\u00e8se personnelle des r\u00e9sultats \u00e0 la fin  Permet d&#039;identifier les meilleurs candidats. Ce rapport fournit une \u00e9valuation compl\u00e8te et objective du comportement de travail.\" \/>\n<meta property=\"og:url\" content=\"https:\/\/kccpositivebusinesspsychology.com\/fr\/produit\/disc-quelle-est-votre-couleur-rapport-classique\/\" \/>\n<meta property=\"og:site_name\" content=\"KCC Positive Business Psychology\" \/>\n<meta property=\"article:publisher\" content=\"https:\/\/www.facebook.com\/KeladaCC\/\" \/>\n<meta property=\"article:modified_time\" content=\"2025-03-06T20:57:55+00:00\" \/>\n<meta property=\"og:image\" content=\"https:\/\/kccpositivebusinesspsychology.com\/wp-content\/uploads\/2019\/10\/StandardReport-1.jpg\" \/>\n\t<meta property=\"og:image:width\" content=\"458\" \/>\n\t<meta property=\"og:image:height\" content=\"458\" \/>\n\t<meta property=\"og:image:type\" content=\"image\/jpeg\" \/>\n<meta name=\"twitter:card\" content=\"summary_large_image\" \/>\n<meta name=\"twitter:site\" content=\"@ikelada\" \/>\n<meta name=\"twitter:label1\" content=\"Dur\u00e9e de lecture estim\u00e9e\" \/>\n\t<meta name=\"twitter:data1\" content=\"1 minute\" \/>\n<script type=\"application\/ld+json\" class=\"yoast-schema-graph\">{\"@context\":\"https:\\\/\\\/schema.org\",\"@graph\":[{\"@type\":\"WebPage\",\"@id\":\"https:\\\/\\\/kccpositivebusinesspsychology.com\\\/fr\\\/produit\\\/disc-quelle-est-votre-couleur-rapport-classique\\\/\",\"url\":\"https:\\\/\\\/kccpositivebusinesspsychology.com\\\/fr\\\/produit\\\/disc-quelle-est-votre-couleur-rapport-classique\\\/\",\"name\":\"DISC (Quelle est votre couleur?) \u2013 Rapport Classique &#8211; KCC Positive Business Psychology\",\"isPartOf\":{\"@id\":\"https:\\\/\\\/kccpositivebusinesspsychology.com\\\/fr\\\/#website\"},\"primaryImageOfPage\":{\"@id\":\"https:\\\/\\\/kccpositivebusinesspsychology.com\\\/fr\\\/produit\\\/disc-quelle-est-votre-couleur-rapport-classique\\\/#primaryimage\"},\"image\":{\"@id\":\"https:\\\/\\\/kccpositivebusinesspsychology.com\\\/fr\\\/produit\\\/disc-quelle-est-votre-couleur-rapport-classique\\\/#primaryimage\"},\"thumbnailUrl\":\"https:\\\/\\\/kccpositivebusinesspsychology.com\\\/wp-content\\\/uploads\\\/2019\\\/10\\\/StandardReport-1.jpg\",\"datePublished\":\"2019-10-14T18:35:00+00:00\",\"dateModified\":\"2025-03-06T20:57:55+00:00\",\"breadcrumb\":{\"@id\":\"https:\\\/\\\/kccpositivebusinesspsychology.com\\\/fr\\\/produit\\\/disc-quelle-est-votre-couleur-rapport-classique\\\/#breadcrumb\"},\"inLanguage\":\"fr-FR\",\"potentialAction\":[{\"@type\":\"ReadAction\",\"target\":[\"https:\\\/\\\/kccpositivebusinesspsychology.com\\\/fr\\\/produit\\\/disc-quelle-est-votre-couleur-rapport-classique\\\/\"]}]},{\"@type\":\"ImageObject\",\"inLanguage\":\"fr-FR\",\"@id\":\"https:\\\/\\\/kccpositivebusinesspsychology.com\\\/fr\\\/produit\\\/disc-quelle-est-votre-couleur-rapport-classique\\\/#primaryimage\",\"url\":\"https:\\\/\\\/kccpositivebusinesspsychology.com\\\/wp-content\\\/uploads\\\/2019\\\/10\\\/StandardReport-1.jpg\",\"contentUrl\":\"https:\\\/\\\/kccpositivebusinesspsychology.com\\\/wp-content\\\/uploads\\\/2019\\\/10\\\/StandardReport-1.jpg\",\"width\":458,\"height\":458},{\"@type\":\"BreadcrumbList\",\"@id\":\"https:\\\/\\\/kccpositivebusinesspsychology.com\\\/fr\\\/produit\\\/disc-quelle-est-votre-couleur-rapport-classique\\\/#breadcrumb\",\"itemListElement\":[{\"@type\":\"ListItem\",\"position\":1,\"name\":\"Home\",\"item\":\"https:\\\/\\\/kccpositivebusinesspsychology.com\\\/fr\\\/\"},{\"@type\":\"ListItem\",\"position\":2,\"name\":\"Boutique\",\"item\":\"https:\\\/\\\/kccpositivebusinesspsychology.com\\\/fr\\\/boutique\\\/\"},{\"@type\":\"ListItem\",\"position\":3,\"name\":\"DISC (Quelle est votre couleur?) \u2013 Rapport Classique\"}]},{\"@type\":\"WebSite\",\"@id\":\"https:\\\/\\\/kccpositivebusinesspsychology.com\\\/fr\\\/#website\",\"url\":\"https:\\\/\\\/kccpositivebusinesspsychology.com\\\/fr\\\/\",\"name\":\"KCC Positive Business Psychology\",\"description\":\"Attirer, D\u00e9velopper et Retenir les Meilleurs Talents !\",\"publisher\":{\"@id\":\"https:\\\/\\\/kccpositivebusinesspsychology.com\\\/fr\\\/#organization\"},\"potentialAction\":[{\"@type\":\"SearchAction\",\"target\":{\"@type\":\"EntryPoint\",\"urlTemplate\":\"https:\\\/\\\/kccpositivebusinesspsychology.com\\\/fr\\\/?s={search_term_string}\"},\"query-input\":{\"@type\":\"PropertyValueSpecification\",\"valueRequired\":true,\"valueName\":\"search_term_string\"}}],\"inLanguage\":\"fr-FR\"},{\"@type\":\"Organization\",\"@id\":\"https:\\\/\\\/kccpositivebusinesspsychology.com\\\/fr\\\/#organization\",\"name\":\"KCC Psychologie positive organisationnelle\",\"url\":\"https:\\\/\\\/kccpositivebusinesspsychology.com\\\/fr\\\/\",\"logo\":{\"@type\":\"ImageObject\",\"inLanguage\":\"fr-FR\",\"@id\":\"https:\\\/\\\/kccpositivebusinesspsychology.com\\\/fr\\\/#\\\/schema\\\/logo\\\/image\\\/\",\"url\":\"https:\\\/\\\/kccpositivebusinesspsychology.com\\\/wp-content\\\/uploads\\\/2019\\\/10\\\/k.png\",\"contentUrl\":\"https:\\\/\\\/kccpositivebusinesspsychology.com\\\/wp-content\\\/uploads\\\/2019\\\/10\\\/k.png\",\"width\":500,\"height\":500,\"caption\":\"KCC Psychologie positive organisationnelle\"},\"image\":{\"@id\":\"https:\\\/\\\/kccpositivebusinesspsychology.com\\\/fr\\\/#\\\/schema\\\/logo\\\/image\\\/\"},\"sameAs\":[\"https:\\\/\\\/www.facebook.com\\\/KeladaCC\\\/\",\"https:\\\/\\\/x.com\\\/ikelada\",\"https:\\\/\\\/www.instagram.com\\\/ikelada21days\\\/\",\"https:\\\/\\\/www.linkedin.com\\\/in\\\/ingridkelada\\\/\",\"https:\\\/\\\/www.pinterest.com\\\/21daystohappiness\\\/\",\"https:\\\/\\\/www.youtube.com\\\/channel\\\/UCSUlaj4G8EmrDurlLV-FF7w\"]}]}<\/script>\n<!-- \/ Yoast SEO plugin. -->","yoast_head_json":{"title":"DISC (Quelle est votre couleur?) \u2013 Rapport Classique &#8211; KCC Positive Business Psychology","robots":{"index":"index","follow":"follow","max-snippet":"max-snippet:-1","max-image-preview":"max-image-preview:large","max-video-preview":"max-video-preview:-1"},"canonical":"https:\/\/kccpositivebusinesspsychology.com\/fr\/produit\/disc-quelle-est-votre-couleur-rapport-classique\/","og_locale":"fr_FR","og_type":"article","og_title":"DISC (Quelle est votre couleur?) \u2013 Rapport Classique &#8211; KCC Positive Business Psychology","og_description":"Ce rapport fournit une interpr\u00e9tation compl\u00e8te et pr\u00e9cise des r\u00e9sultats et est essentiel pour une bonne compr\u00e9hension sans l'accompagnement d'un expert. Il est id\u00e9al pour le d\u00e9veloppement personnel ou professionnel. Il vous aide \u00e0 vous comprendre et \u00e0 comprendre les autres pour une meilleure interaction. Il montre comment les autres peuvent mieux travailler avec vous, des conseils pour le d\u00e9veloppement professionnel et comment surmonter les angles morts, des guides pour la communication et la pr\u00e9sentation et plus encore.   La dur\u00e9e du test est d'environ 10 minutes  Rapport de 30 pages  D\u00e9crit le style de comportement naturel et les pr\u00e9f\u00e9rences d'un individu.  Identifie les forces, le potentiel non exploit\u00e9 et les opportunit\u00e9s d'am\u00e9lioration.  Le rapport comprend les sections suivantes :   Les mots qui vous d\u00e9crivent  Vos points forts  Les cl\u00e9s de l'excellence  Votre valeur dans une \u00e9quipe  Votre graphique de personnalit\u00e9 DISC  Introduction au DISC  Votre style de communication  Votre style de comportement de base et vos pr\u00e9f\u00e9rences  Votre style de prise de d\u00e9cision  Suggestions\u00a0: d\u00e9veloppement professionnel  Suggestions\u00a0: d\u00e9veloppement \u00e0 long terme    Fournit des informations d\u00e9taill\u00e9es et des conseils utiles.  Inclus : outil pour faire une synth\u00e8se personnelle des r\u00e9sultats \u00e0 la fin  Permet d'identifier les meilleurs candidats. Ce rapport fournit une \u00e9valuation compl\u00e8te et objective du comportement de travail.","og_url":"https:\/\/kccpositivebusinesspsychology.com\/fr\/produit\/disc-quelle-est-votre-couleur-rapport-classique\/","og_site_name":"KCC Positive Business Psychology","article_publisher":"https:\/\/www.facebook.com\/KeladaCC\/","article_modified_time":"2025-03-06T20:57:55+00:00","og_image":[{"width":458,"height":458,"url":"https:\/\/kccpositivebusinesspsychology.com\/wp-content\/uploads\/2019\/10\/StandardReport-1.jpg","type":"image\/jpeg"}],"twitter_card":"summary_large_image","twitter_site":"@ikelada","twitter_misc":{"Dur\u00e9e de lecture estim\u00e9e":"1 minute"},"schema":{"@context":"https:\/\/schema.org","@graph":[{"@type":"WebPage","@id":"https:\/\/kccpositivebusinesspsychology.com\/fr\/produit\/disc-quelle-est-votre-couleur-rapport-classique\/","url":"https:\/\/kccpositivebusinesspsychology.com\/fr\/produit\/disc-quelle-est-votre-couleur-rapport-classique\/","name":"DISC (Quelle est votre couleur?) \u2013 Rapport Classique &#8211; KCC Positive Business Psychology","isPartOf":{"@id":"https:\/\/kccpositivebusinesspsychology.com\/fr\/#website"},"primaryImageOfPage":{"@id":"https:\/\/kccpositivebusinesspsychology.com\/fr\/produit\/disc-quelle-est-votre-couleur-rapport-classique\/#primaryimage"},"image":{"@id":"https:\/\/kccpositivebusinesspsychology.com\/fr\/produit\/disc-quelle-est-votre-couleur-rapport-classique\/#primaryimage"},"thumbnailUrl":"https:\/\/kccpositivebusinesspsychology.com\/wp-content\/uploads\/2019\/10\/StandardReport-1.jpg","datePublished":"2019-10-14T18:35:00+00:00","dateModified":"2025-03-06T20:57:55+00:00","breadcrumb":{"@id":"https:\/\/kccpositivebusinesspsychology.com\/fr\/produit\/disc-quelle-est-votre-couleur-rapport-classique\/#breadcrumb"},"inLanguage":"fr-FR","potentialAction":[{"@type":"ReadAction","target":["https:\/\/kccpositivebusinesspsychology.com\/fr\/produit\/disc-quelle-est-votre-couleur-rapport-classique\/"]}]},{"@type":"ImageObject","inLanguage":"fr-FR","@id":"https:\/\/kccpositivebusinesspsychology.com\/fr\/produit\/disc-quelle-est-votre-couleur-rapport-classique\/#primaryimage","url":"https:\/\/kccpositivebusinesspsychology.com\/wp-content\/uploads\/2019\/10\/StandardReport-1.jpg","contentUrl":"https:\/\/kccpositivebusinesspsychology.com\/wp-content\/uploads\/2019\/10\/StandardReport-1.jpg","width":458,"height":458},{"@type":"BreadcrumbList","@id":"https:\/\/kccpositivebusinesspsychology.com\/fr\/produit\/disc-quelle-est-votre-couleur-rapport-classique\/#breadcrumb","itemListElement":[{"@type":"ListItem","position":1,"name":"Home","item":"https:\/\/kccpositivebusinesspsychology.com\/fr\/"},{"@type":"ListItem","position":2,"name":"Boutique","item":"https:\/\/kccpositivebusinesspsychology.com\/fr\/boutique\/"},{"@type":"ListItem","position":3,"name":"DISC (Quelle est votre couleur?) \u2013 Rapport Classique"}]},{"@type":"WebSite","@id":"https:\/\/kccpositivebusinesspsychology.com\/fr\/#website","url":"https:\/\/kccpositivebusinesspsychology.com\/fr\/","name":"KCC Positive Business Psychology","description":"Attirer, D\u00e9velopper et Retenir les Meilleurs Talents !","publisher":{"@id":"https:\/\/kccpositivebusinesspsychology.com\/fr\/#organization"},"potentialAction":[{"@type":"SearchAction","target":{"@type":"EntryPoint","urlTemplate":"https:\/\/kccpositivebusinesspsychology.com\/fr\/?s={search_term_string}"},"query-input":{"@type":"PropertyValueSpecification","valueRequired":true,"valueName":"search_term_string"}}],"inLanguage":"fr-FR"},{"@type":"Organization","@id":"https:\/\/kccpositivebusinesspsychology.com\/fr\/#organization","name":"KCC Psychologie positive organisationnelle","url":"https:\/\/kccpositivebusinesspsychology.com\/fr\/","logo":{"@type":"ImageObject","inLanguage":"fr-FR","@id":"https:\/\/kccpositivebusinesspsychology.com\/fr\/#\/schema\/logo\/image\/","url":"https:\/\/kccpositivebusinesspsychology.com\/wp-content\/uploads\/2019\/10\/k.png","contentUrl":"https:\/\/kccpositivebusinesspsychology.com\/wp-content\/uploads\/2019\/10\/k.png","width":500,"height":500,"caption":"KCC Psychologie positive organisationnelle"},"image":{"@id":"https:\/\/kccpositivebusinesspsychology.com\/fr\/#\/schema\/logo\/image\/"},"sameAs":["https:\/\/www.facebook.com\/KeladaCC\/","https:\/\/x.com\/ikelada","https:\/\/www.instagram.com\/ikelada21days\/","https:\/\/www.linkedin.com\/in\/ingridkelada\/","https:\/\/www.pinterest.com\/21daystohappiness\/","https:\/\/www.youtube.com\/channel\/UCSUlaj4G8EmrDurlLV-FF7w"]}]}},"_links":{"self":[{"href":"https:\/\/kccpositivebusinesspsychology.com\/fr\/wp-json\/wp\/v2\/product\/28194","targetHints":{"allow":["GET"]}}],"collection":[{"href":"https:\/\/kccpositivebusinesspsychology.com\/fr\/wp-json\/wp\/v2\/product"}],"about":[{"href":"https:\/\/kccpositivebusinesspsychology.com\/fr\/wp-json\/wp\/v2\/types\/product"}],"wp:featuredmedia":[{"embeddable":true,"href":"https:\/\/kccpositivebusinesspsychology.com\/fr\/wp-json\/wp\/v2\/media\/27352"}],"wp:attachment":[{"href":"https:\/\/kccpositivebusinesspsychology.com\/fr\/wp-json\/wp\/v2\/media?parent=28194"}],"wp:term":[{"taxonomy":"product_brand","embeddable":true,"href":"https:\/\/kccpositivebusinesspsychology.com\/fr\/wp-json\/wp\/v2\/product_brand?post=28194"},{"taxonomy":"product_cat","embeddable":true,"href":"https:\/\/kccpositivebusinesspsychology.com\/fr\/wp-json\/wp\/v2\/product_cat?post=28194"},{"taxonomy":"product_tag","embeddable":true,"href":"https:\/\/kccpositivebusinesspsychology.com\/fr\/wp-json\/wp\/v2\/product_tag?post=28194"}],"curies":[{"name":"wp","href":"https:\/\/api.w.org\/{rel}","templated":true}]}}