{"id":28198,"date":"2019-10-14T12:16:43","date_gmt":"2019-10-14T16:16:43","guid":{"rendered":"https:\/\/kccpositivebusinesspsychology.com\/product\/echelle-de-valeurs-de-carriere-cvs\/"},"modified":"2019-10-14T12:16:43","modified_gmt":"2019-10-14T16:16:43","slug":"echelle-de-valeurs-de-carriere-cvs","status":"publish","type":"product","link":"https:\/\/kccpositivebusinesspsychology.com\/fr\/produit\/echelle-de-valeurs-de-carriere-cvs\/","title":{"rendered":"\u00c9chelle de Valeurs de Carri\u00e8re (CVS)"},"content":{"rendered":"","protected":false},"excerpt":{"rendered":"<p>&nbsp;<\/p>\n<p>Aide les gens \u00e0 d\u00e9couvrir leurs <strong>facteurs de motivation au travail, leurs valeurs, pr\u00e9f\u00e9rences et besoins<\/strong>. Les valeurs donnent un sens \u00e0 la carri\u00e8re et \u00e0 la vie de la personne. Elles sont un indicateur utile de la satisfaction au travail et des objectifs personnels.<\/p>\n<ul>\n<li>La dur\u00e9e du test est d&rsquo;environ 10 minutes<\/li>\n<li>\u00c9value et identifie les sources de satisfaction et de m\u00e9contentement professionnels pour un individu<\/li>\n<li>Fournit un aper\u00e7u graphique des valeurs d&rsquo;un individu<\/li>\n<li>Contient des exercices pour les aider \u00e0 s\u2019orienter afin d\u2019atteindre une carri\u00e8re \u00e9quilibr\u00e9e<\/li>\n<\/ul>\n<style>\n.details-table td {<br \/>    padding-left: 0%;<br \/>    font-size: 15px;<br \/>    line-height: 25px;<br \/>width: 25%;<br \/>}<\/style>\n","protected":false},"featured_media":27367,"template":"","meta":{"content-type":""},"product_brand":[],"product_cat":[399,381,387],"product_tag":[],"class_list":{"0":"post-28198","1":"product","2":"type-product","3":"status-publish","4":"has-post-thumbnail","6":"product_cat-francais-fr","7":"product_cat-questionnaires","8":"product_cat-travail-developpement-personnel","10":"first","11":"instock","12":"taxable","13":"shipping-taxable","14":"purchasable","15":"product-type-simple"},"yoast_head":"<!-- This site is optimized with the Yoast SEO plugin v27.6 - https:\/\/yoast.com\/product\/yoast-seo-wordpress\/ -->\n<title>\u00c9chelle de Valeurs de Carri\u00e8re (CVS) &#8211; KCC Positive Business Psychology<\/title>\n<meta name=\"robots\" content=\"index, follow, max-snippet:-1, max-image-preview:large, max-video-preview:-1\" \/>\n<link rel=\"canonical\" href=\"https:\/\/kccpositivebusinesspsychology.com\/fr\/produit\/echelle-de-valeurs-de-carriere-cvs\/\" \/>\n<meta property=\"og:locale\" content=\"fr_FR\" \/>\n<meta property=\"og:type\" content=\"article\" \/>\n<meta property=\"og:title\" content=\"\u00c9chelle de Valeurs de Carri\u00e8re (CVS) &#8211; KCC Positive Business Psychology\" \/>\n<meta property=\"og:description\" content=\"&nbsp;  Aide les gens \u00e0 d\u00e9couvrir leurs facteurs de motivation au travail, leurs valeurs, pr\u00e9f\u00e9rences et besoins. Les valeurs donnent un sens \u00e0 la carri\u00e8re et \u00e0 la vie de la personne. Elles sont un indicateur utile de la satisfaction au travail et des objectifs personnels.   La dur\u00e9e du test est d&#039;environ 10 minutes  \u00c9value et identifie les sources de satisfaction et de m\u00e9contentement professionnels pour un individu  Fournit un aper\u00e7u graphique des valeurs d&#039;un individu  Contient des exercices pour les aider \u00e0 s\u2019orienter afin d\u2019atteindre une carri\u00e8re \u00e9quilibr\u00e9e\" \/>\n<meta property=\"og:url\" content=\"https:\/\/kccpositivebusinesspsychology.com\/fr\/produit\/echelle-de-valeurs-de-carriere-cvs\/\" \/>\n<meta property=\"og:site_name\" content=\"KCC Positive Business Psychology\" \/>\n<meta property=\"article:publisher\" content=\"https:\/\/www.facebook.com\/KeladaCC\/\" \/>\n<meta property=\"og:image\" content=\"https:\/\/kccpositivebusinesspsychology.com\/wp-content\/uploads\/2019\/10\/cvs-1-1.jpg\" \/>\n\t<meta property=\"og:image:width\" content=\"458\" \/>\n\t<meta property=\"og:image:height\" content=\"458\" \/>\n\t<meta property=\"og:image:type\" content=\"image\/jpeg\" \/>\n<meta name=\"twitter:card\" content=\"summary_large_image\" \/>\n<meta name=\"twitter:site\" content=\"@ikelada\" \/>\n<meta name=\"twitter:label1\" content=\"Dur\u00e9e de lecture estim\u00e9e\" \/>\n\t<meta name=\"twitter:data1\" content=\"1 minute\" \/>\n<script type=\"application\/ld+json\" class=\"yoast-schema-graph\">{\"@context\":\"https:\\\/\\\/schema.org\",\"@graph\":[{\"@type\":\"WebPage\",\"@id\":\"https:\\\/\\\/kccpositivebusinesspsychology.com\\\/fr\\\/produit\\\/echelle-de-valeurs-de-carriere-cvs\\\/\",\"url\":\"https:\\\/\\\/kccpositivebusinesspsychology.com\\\/fr\\\/produit\\\/echelle-de-valeurs-de-carriere-cvs\\\/\",\"name\":\"\u00c9chelle de Valeurs de Carri\u00e8re (CVS) &#8211; KCC Positive Business Psychology\",\"isPartOf\":{\"@id\":\"https:\\\/\\\/kccpositivebusinesspsychology.com\\\/fr\\\/#website\"},\"primaryImageOfPage\":{\"@id\":\"https:\\\/\\\/kccpositivebusinesspsychology.com\\\/fr\\\/produit\\\/echelle-de-valeurs-de-carriere-cvs\\\/#primaryimage\"},\"image\":{\"@id\":\"https:\\\/\\\/kccpositivebusinesspsychology.com\\\/fr\\\/produit\\\/echelle-de-valeurs-de-carriere-cvs\\\/#primaryimage\"},\"thumbnailUrl\":\"https:\\\/\\\/kccpositivebusinesspsychology.com\\\/wp-content\\\/uploads\\\/2019\\\/10\\\/cvs-1-1.jpg\",\"datePublished\":\"2019-10-14T16:16:43+00:00\",\"breadcrumb\":{\"@id\":\"https:\\\/\\\/kccpositivebusinesspsychology.com\\\/fr\\\/produit\\\/echelle-de-valeurs-de-carriere-cvs\\\/#breadcrumb\"},\"inLanguage\":\"fr-FR\",\"potentialAction\":[{\"@type\":\"ReadAction\",\"target\":[\"https:\\\/\\\/kccpositivebusinesspsychology.com\\\/fr\\\/produit\\\/echelle-de-valeurs-de-carriere-cvs\\\/\"]}]},{\"@type\":\"ImageObject\",\"inLanguage\":\"fr-FR\",\"@id\":\"https:\\\/\\\/kccpositivebusinesspsychology.com\\\/fr\\\/produit\\\/echelle-de-valeurs-de-carriere-cvs\\\/#primaryimage\",\"url\":\"https:\\\/\\\/kccpositivebusinesspsychology.com\\\/wp-content\\\/uploads\\\/2019\\\/10\\\/cvs-1-1.jpg\",\"contentUrl\":\"https:\\\/\\\/kccpositivebusinesspsychology.com\\\/wp-content\\\/uploads\\\/2019\\\/10\\\/cvs-1-1.jpg\",\"width\":458,\"height\":458},{\"@type\":\"BreadcrumbList\",\"@id\":\"https:\\\/\\\/kccpositivebusinesspsychology.com\\\/fr\\\/produit\\\/echelle-de-valeurs-de-carriere-cvs\\\/#breadcrumb\",\"itemListElement\":[{\"@type\":\"ListItem\",\"position\":1,\"name\":\"Home\",\"item\":\"https:\\\/\\\/kccpositivebusinesspsychology.com\\\/fr\\\/\"},{\"@type\":\"ListItem\",\"position\":2,\"name\":\"Boutique\",\"item\":\"https:\\\/\\\/kccpositivebusinesspsychology.com\\\/fr\\\/boutique\\\/\"},{\"@type\":\"ListItem\",\"position\":3,\"name\":\"\u00c9chelle de Valeurs de Carri\u00e8re (CVS)\"}]},{\"@type\":\"WebSite\",\"@id\":\"https:\\\/\\\/kccpositivebusinesspsychology.com\\\/fr\\\/#website\",\"url\":\"https:\\\/\\\/kccpositivebusinesspsychology.com\\\/fr\\\/\",\"name\":\"KCC Positive Business Psychology\",\"description\":\"Attirer, D\u00e9velopper et Retenir les Meilleurs Talents !\",\"publisher\":{\"@id\":\"https:\\\/\\\/kccpositivebusinesspsychology.com\\\/fr\\\/#organization\"},\"potentialAction\":[{\"@type\":\"SearchAction\",\"target\":{\"@type\":\"EntryPoint\",\"urlTemplate\":\"https:\\\/\\\/kccpositivebusinesspsychology.com\\\/fr\\\/?s={search_term_string}\"},\"query-input\":{\"@type\":\"PropertyValueSpecification\",\"valueRequired\":true,\"valueName\":\"search_term_string\"}}],\"inLanguage\":\"fr-FR\"},{\"@type\":\"Organization\",\"@id\":\"https:\\\/\\\/kccpositivebusinesspsychology.com\\\/fr\\\/#organization\",\"name\":\"KCC Psychologie positive organisationnelle\",\"url\":\"https:\\\/\\\/kccpositivebusinesspsychology.com\\\/fr\\\/\",\"logo\":{\"@type\":\"ImageObject\",\"inLanguage\":\"fr-FR\",\"@id\":\"https:\\\/\\\/kccpositivebusinesspsychology.com\\\/fr\\\/#\\\/schema\\\/logo\\\/image\\\/\",\"url\":\"https:\\\/\\\/kccpositivebusinesspsychology.com\\\/wp-content\\\/uploads\\\/2019\\\/10\\\/k.png\",\"contentUrl\":\"https:\\\/\\\/kccpositivebusinesspsychology.com\\\/wp-content\\\/uploads\\\/2019\\\/10\\\/k.png\",\"width\":500,\"height\":500,\"caption\":\"KCC Psychologie positive organisationnelle\"},\"image\":{\"@id\":\"https:\\\/\\\/kccpositivebusinesspsychology.com\\\/fr\\\/#\\\/schema\\\/logo\\\/image\\\/\"},\"sameAs\":[\"https:\\\/\\\/www.facebook.com\\\/KeladaCC\\\/\",\"https:\\\/\\\/x.com\\\/ikelada\",\"https:\\\/\\\/www.instagram.com\\\/ikelada21days\\\/\",\"https:\\\/\\\/www.linkedin.com\\\/in\\\/ingridkelada\\\/\",\"https:\\\/\\\/www.pinterest.com\\\/21daystohappiness\\\/\",\"https:\\\/\\\/www.youtube.com\\\/channel\\\/UCSUlaj4G8EmrDurlLV-FF7w\"]}]}<\/script>\n<!-- \/ Yoast SEO plugin. -->","yoast_head_json":{"title":"\u00c9chelle de Valeurs de Carri\u00e8re (CVS) &#8211; KCC Positive Business Psychology","robots":{"index":"index","follow":"follow","max-snippet":"max-snippet:-1","max-image-preview":"max-image-preview:large","max-video-preview":"max-video-preview:-1"},"canonical":"https:\/\/kccpositivebusinesspsychology.com\/fr\/produit\/echelle-de-valeurs-de-carriere-cvs\/","og_locale":"fr_FR","og_type":"article","og_title":"\u00c9chelle de Valeurs de Carri\u00e8re (CVS) &#8211; KCC Positive Business Psychology","og_description":"&nbsp;  Aide les gens \u00e0 d\u00e9couvrir leurs facteurs de motivation au travail, leurs valeurs, pr\u00e9f\u00e9rences et besoins. Les valeurs donnent un sens \u00e0 la carri\u00e8re et \u00e0 la vie de la personne. Elles sont un indicateur utile de la satisfaction au travail et des objectifs personnels.   La dur\u00e9e du test est d'environ 10 minutes  \u00c9value et identifie les sources de satisfaction et de m\u00e9contentement professionnels pour un individu  Fournit un aper\u00e7u graphique des valeurs d'un individu  Contient des exercices pour les aider \u00e0 s\u2019orienter afin d\u2019atteindre une carri\u00e8re \u00e9quilibr\u00e9e","og_url":"https:\/\/kccpositivebusinesspsychology.com\/fr\/produit\/echelle-de-valeurs-de-carriere-cvs\/","og_site_name":"KCC Positive Business Psychology","article_publisher":"https:\/\/www.facebook.com\/KeladaCC\/","og_image":[{"width":458,"height":458,"url":"https:\/\/kccpositivebusinesspsychology.com\/wp-content\/uploads\/2019\/10\/cvs-1-1.jpg","type":"image\/jpeg"}],"twitter_card":"summary_large_image","twitter_site":"@ikelada","twitter_misc":{"Dur\u00e9e de lecture estim\u00e9e":"1 minute"},"schema":{"@context":"https:\/\/schema.org","@graph":[{"@type":"WebPage","@id":"https:\/\/kccpositivebusinesspsychology.com\/fr\/produit\/echelle-de-valeurs-de-carriere-cvs\/","url":"https:\/\/kccpositivebusinesspsychology.com\/fr\/produit\/echelle-de-valeurs-de-carriere-cvs\/","name":"\u00c9chelle de Valeurs de Carri\u00e8re (CVS) &#8211; KCC Positive Business Psychology","isPartOf":{"@id":"https:\/\/kccpositivebusinesspsychology.com\/fr\/#website"},"primaryImageOfPage":{"@id":"https:\/\/kccpositivebusinesspsychology.com\/fr\/produit\/echelle-de-valeurs-de-carriere-cvs\/#primaryimage"},"image":{"@id":"https:\/\/kccpositivebusinesspsychology.com\/fr\/produit\/echelle-de-valeurs-de-carriere-cvs\/#primaryimage"},"thumbnailUrl":"https:\/\/kccpositivebusinesspsychology.com\/wp-content\/uploads\/2019\/10\/cvs-1-1.jpg","datePublished":"2019-10-14T16:16:43+00:00","breadcrumb":{"@id":"https:\/\/kccpositivebusinesspsychology.com\/fr\/produit\/echelle-de-valeurs-de-carriere-cvs\/#breadcrumb"},"inLanguage":"fr-FR","potentialAction":[{"@type":"ReadAction","target":["https:\/\/kccpositivebusinesspsychology.com\/fr\/produit\/echelle-de-valeurs-de-carriere-cvs\/"]}]},{"@type":"ImageObject","inLanguage":"fr-FR","@id":"https:\/\/kccpositivebusinesspsychology.com\/fr\/produit\/echelle-de-valeurs-de-carriere-cvs\/#primaryimage","url":"https:\/\/kccpositivebusinesspsychology.com\/wp-content\/uploads\/2019\/10\/cvs-1-1.jpg","contentUrl":"https:\/\/kccpositivebusinesspsychology.com\/wp-content\/uploads\/2019\/10\/cvs-1-1.jpg","width":458,"height":458},{"@type":"BreadcrumbList","@id":"https:\/\/kccpositivebusinesspsychology.com\/fr\/produit\/echelle-de-valeurs-de-carriere-cvs\/#breadcrumb","itemListElement":[{"@type":"ListItem","position":1,"name":"Home","item":"https:\/\/kccpositivebusinesspsychology.com\/fr\/"},{"@type":"ListItem","position":2,"name":"Boutique","item":"https:\/\/kccpositivebusinesspsychology.com\/fr\/boutique\/"},{"@type":"ListItem","position":3,"name":"\u00c9chelle de Valeurs de Carri\u00e8re (CVS)"}]},{"@type":"WebSite","@id":"https:\/\/kccpositivebusinesspsychology.com\/fr\/#website","url":"https:\/\/kccpositivebusinesspsychology.com\/fr\/","name":"KCC Positive Business Psychology","description":"Attirer, D\u00e9velopper et Retenir les Meilleurs Talents !","publisher":{"@id":"https:\/\/kccpositivebusinesspsychology.com\/fr\/#organization"},"potentialAction":[{"@type":"SearchAction","target":{"@type":"EntryPoint","urlTemplate":"https:\/\/kccpositivebusinesspsychology.com\/fr\/?s={search_term_string}"},"query-input":{"@type":"PropertyValueSpecification","valueRequired":true,"valueName":"search_term_string"}}],"inLanguage":"fr-FR"},{"@type":"Organization","@id":"https:\/\/kccpositivebusinesspsychology.com\/fr\/#organization","name":"KCC Psychologie positive organisationnelle","url":"https:\/\/kccpositivebusinesspsychology.com\/fr\/","logo":{"@type":"ImageObject","inLanguage":"fr-FR","@id":"https:\/\/kccpositivebusinesspsychology.com\/fr\/#\/schema\/logo\/image\/","url":"https:\/\/kccpositivebusinesspsychology.com\/wp-content\/uploads\/2019\/10\/k.png","contentUrl":"https:\/\/kccpositivebusinesspsychology.com\/wp-content\/uploads\/2019\/10\/k.png","width":500,"height":500,"caption":"KCC Psychologie positive organisationnelle"},"image":{"@id":"https:\/\/kccpositivebusinesspsychology.com\/fr\/#\/schema\/logo\/image\/"},"sameAs":["https:\/\/www.facebook.com\/KeladaCC\/","https:\/\/x.com\/ikelada","https:\/\/www.instagram.com\/ikelada21days\/","https:\/\/www.linkedin.com\/in\/ingridkelada\/","https:\/\/www.pinterest.com\/21daystohappiness\/","https:\/\/www.youtube.com\/channel\/UCSUlaj4G8EmrDurlLV-FF7w"]}]}},"_links":{"self":[{"href":"https:\/\/kccpositivebusinesspsychology.com\/fr\/wp-json\/wp\/v2\/product\/28198","targetHints":{"allow":["GET"]}}],"collection":[{"href":"https:\/\/kccpositivebusinesspsychology.com\/fr\/wp-json\/wp\/v2\/product"}],"about":[{"href":"https:\/\/kccpositivebusinesspsychology.com\/fr\/wp-json\/wp\/v2\/types\/product"}],"wp:featuredmedia":[{"embeddable":true,"href":"https:\/\/kccpositivebusinesspsychology.com\/fr\/wp-json\/wp\/v2\/media\/27367"}],"wp:attachment":[{"href":"https:\/\/kccpositivebusinesspsychology.com\/fr\/wp-json\/wp\/v2\/media?parent=28198"}],"wp:term":[{"taxonomy":"product_brand","embeddable":true,"href":"https:\/\/kccpositivebusinesspsychology.com\/fr\/wp-json\/wp\/v2\/product_brand?post=28198"},{"taxonomy":"product_cat","embeddable":true,"href":"https:\/\/kccpositivebusinesspsychology.com\/fr\/wp-json\/wp\/v2\/product_cat?post=28198"},{"taxonomy":"product_tag","embeddable":true,"href":"https:\/\/kccpositivebusinesspsychology.com\/fr\/wp-json\/wp\/v2\/product_tag?post=28198"}],"curies":[{"name":"wp","href":"https:\/\/api.w.org\/{rel}","templated":true}]}}