{"id":28206,"date":"2019-10-14T12:16:39","date_gmt":"2019-10-14T16:16:39","guid":{"rendered":"https:\/\/kccpositivebusinesspsychology.com\/product\/disc-quelle-est-votre-couleur-rapport-abrege-enfant\/"},"modified":"2025-03-06T17:09:39","modified_gmt":"2025-03-06T21:09:39","slug":"disc-quelle-est-votre-couleur-rapport-abrege-enfant","status":"publish","type":"product","link":"https:\/\/kccpositivebusinesspsychology.com\/fr\/produit\/disc-quelle-est-votre-couleur-rapport-abrege-enfant\/","title":{"rendered":"DISC (Quelle est votre couleur?) \u2013 Rapport Abr\u00e9g\u00e9 Enfant"},"content":{"rendered":"","protected":false},"excerpt":{"rendered":"<p>L&rsquo;\u00e9valuation en ligne est bas\u00e9e sur des sc\u00e8nes amusantes avec des personnages de robots dans diff\u00e9rentes situations. Le compte rendu de ce rapport<strong> aide non seulement les enfants, mais il peut aussi aider les parents et les enseignants<\/strong> \u00e0 mieux comprendre et motiver un enfant.<\/p>\n<ul>\n<li>La dur\u00e9e du test est d&rsquo;environ 10 minutes<\/li>\n<li>Rapport de 8 pages<\/li>\n<li>D\u00e9crit le style de comportement naturel et les pr\u00e9f\u00e9rences d&rsquo;un enfant<\/li>\n<li>Identifie les points forts, comment l&rsquo;enfant peut \u00eatre \u00e0 son meilleur et les choses importantes qu&rsquo;on devrait savoir sur \u00e0 son sujet.<\/li>\n<li>Fournit une section pour les parents et pour les enseignants<\/li>\n<\/ul>\n<p>Cette \u00e9valuation est id\u00e9ale pour les <strong>enfants \u00e2g\u00e9s de 5 \u00e0 12 ans<\/strong> afin de les aider \u00e0 comprendre leur style de personnalit\u00e9 et leurs forces personnelles.<\/p>\n","protected":false},"featured_media":27364,"template":"","meta":{"content-type":""},"product_brand":[],"product_cat":[382,399,386,381],"product_tag":[],"class_list":{"0":"post-28206","1":"product","2":"type-product","3":"status-publish","4":"has-post-thumbnail","6":"product_cat-disc-fr","7":"product_cat-francais-fr","8":"product_cat-maison-famille","9":"product_cat-questionnaires","11":"first","12":"instock","13":"taxable","14":"shipping-taxable","15":"purchasable","16":"product-type-simple"},"yoast_head":"<!-- This site is optimized with the Yoast SEO plugin v27.6 - https:\/\/yoast.com\/product\/yoast-seo-wordpress\/ -->\n<title>DISC (Quelle est votre couleur?) \u2013 Rapport Abr\u00e9g\u00e9 Enfant &#8211; KCC Positive Business Psychology<\/title>\n<meta name=\"robots\" content=\"index, follow, max-snippet:-1, max-image-preview:large, max-video-preview:-1\" \/>\n<link rel=\"canonical\" href=\"https:\/\/kccpositivebusinesspsychology.com\/fr\/produit\/disc-quelle-est-votre-couleur-rapport-abrege-enfant\/\" \/>\n<meta property=\"og:locale\" content=\"fr_FR\" \/>\n<meta property=\"og:type\" content=\"article\" \/>\n<meta property=\"og:title\" content=\"DISC (Quelle est votre couleur?) \u2013 Rapport Abr\u00e9g\u00e9 Enfant &#8211; KCC Positive Business Psychology\" \/>\n<meta property=\"og:description\" content=\"L&#039;\u00e9valuation en ligne est bas\u00e9e sur des sc\u00e8nes amusantes avec des personnages de robots dans diff\u00e9rentes situations. Le compte rendu de ce rapport aide non seulement les enfants, mais il peut aussi aider les parents et les enseignants \u00e0 mieux comprendre et motiver un enfant.   La dur\u00e9e du test est d&#039;environ 10 minutes  Rapport de 8 pages  D\u00e9crit le style de comportement naturel et les pr\u00e9f\u00e9rences d&#039;un enfant  Identifie les points forts, comment l&#039;enfant peut \u00eatre \u00e0 son meilleur et les choses importantes qu&#039;on devrait savoir sur \u00e0 son sujet.  Fournit une section pour les parents et pour les enseignants  Cette \u00e9valuation est id\u00e9ale pour les enfants \u00e2g\u00e9s de 5 \u00e0 12 ans afin de les aider \u00e0 comprendre leur style de personnalit\u00e9 et leurs forces personnelles.\" \/>\n<meta property=\"og:url\" content=\"https:\/\/kccpositivebusinesspsychology.com\/fr\/produit\/disc-quelle-est-votre-couleur-rapport-abrege-enfant\/\" \/>\n<meta property=\"og:site_name\" content=\"KCC Positive Business Psychology\" \/>\n<meta property=\"article:publisher\" content=\"https:\/\/www.facebook.com\/KeladaCC\/\" \/>\n<meta property=\"article:modified_time\" content=\"2025-03-06T21:09:39+00:00\" \/>\n<meta property=\"og:image\" content=\"https:\/\/kccpositivebusinesspsychology.com\/wp-content\/uploads\/2019\/10\/ChildConcise-1.jpg\" \/>\n\t<meta property=\"og:image:width\" content=\"458\" \/>\n\t<meta property=\"og:image:height\" content=\"458\" \/>\n\t<meta property=\"og:image:type\" content=\"image\/jpeg\" \/>\n<meta name=\"twitter:card\" content=\"summary_large_image\" \/>\n<meta name=\"twitter:site\" content=\"@ikelada\" \/>\n<meta name=\"twitter:label1\" content=\"Dur\u00e9e de lecture estim\u00e9e\" \/>\n\t<meta name=\"twitter:data1\" content=\"1 minute\" \/>\n<script type=\"application\/ld+json\" class=\"yoast-schema-graph\">{\"@context\":\"https:\\\/\\\/schema.org\",\"@graph\":[{\"@type\":\"WebPage\",\"@id\":\"https:\\\/\\\/kccpositivebusinesspsychology.com\\\/fr\\\/produit\\\/disc-quelle-est-votre-couleur-rapport-abrege-enfant\\\/\",\"url\":\"https:\\\/\\\/kccpositivebusinesspsychology.com\\\/fr\\\/produit\\\/disc-quelle-est-votre-couleur-rapport-abrege-enfant\\\/\",\"name\":\"DISC (Quelle est votre couleur?) \u2013 Rapport Abr\u00e9g\u00e9 Enfant &#8211; KCC Positive Business Psychology\",\"isPartOf\":{\"@id\":\"https:\\\/\\\/kccpositivebusinesspsychology.com\\\/fr\\\/#website\"},\"primaryImageOfPage\":{\"@id\":\"https:\\\/\\\/kccpositivebusinesspsychology.com\\\/fr\\\/produit\\\/disc-quelle-est-votre-couleur-rapport-abrege-enfant\\\/#primaryimage\"},\"image\":{\"@id\":\"https:\\\/\\\/kccpositivebusinesspsychology.com\\\/fr\\\/produit\\\/disc-quelle-est-votre-couleur-rapport-abrege-enfant\\\/#primaryimage\"},\"thumbnailUrl\":\"https:\\\/\\\/kccpositivebusinesspsychology.com\\\/wp-content\\\/uploads\\\/2019\\\/10\\\/ChildConcise-1.jpg\",\"datePublished\":\"2019-10-14T16:16:39+00:00\",\"dateModified\":\"2025-03-06T21:09:39+00:00\",\"breadcrumb\":{\"@id\":\"https:\\\/\\\/kccpositivebusinesspsychology.com\\\/fr\\\/produit\\\/disc-quelle-est-votre-couleur-rapport-abrege-enfant\\\/#breadcrumb\"},\"inLanguage\":\"fr-FR\",\"potentialAction\":[{\"@type\":\"ReadAction\",\"target\":[\"https:\\\/\\\/kccpositivebusinesspsychology.com\\\/fr\\\/produit\\\/disc-quelle-est-votre-couleur-rapport-abrege-enfant\\\/\"]}]},{\"@type\":\"ImageObject\",\"inLanguage\":\"fr-FR\",\"@id\":\"https:\\\/\\\/kccpositivebusinesspsychology.com\\\/fr\\\/produit\\\/disc-quelle-est-votre-couleur-rapport-abrege-enfant\\\/#primaryimage\",\"url\":\"https:\\\/\\\/kccpositivebusinesspsychology.com\\\/wp-content\\\/uploads\\\/2019\\\/10\\\/ChildConcise-1.jpg\",\"contentUrl\":\"https:\\\/\\\/kccpositivebusinesspsychology.com\\\/wp-content\\\/uploads\\\/2019\\\/10\\\/ChildConcise-1.jpg\",\"width\":458,\"height\":458},{\"@type\":\"BreadcrumbList\",\"@id\":\"https:\\\/\\\/kccpositivebusinesspsychology.com\\\/fr\\\/produit\\\/disc-quelle-est-votre-couleur-rapport-abrege-enfant\\\/#breadcrumb\",\"itemListElement\":[{\"@type\":\"ListItem\",\"position\":1,\"name\":\"Home\",\"item\":\"https:\\\/\\\/kccpositivebusinesspsychology.com\\\/fr\\\/\"},{\"@type\":\"ListItem\",\"position\":2,\"name\":\"Boutique\",\"item\":\"https:\\\/\\\/kccpositivebusinesspsychology.com\\\/fr\\\/boutique\\\/\"},{\"@type\":\"ListItem\",\"position\":3,\"name\":\"DISC (Quelle est votre couleur?) \u2013 Rapport Abr\u00e9g\u00e9 Enfant\"}]},{\"@type\":\"WebSite\",\"@id\":\"https:\\\/\\\/kccpositivebusinesspsychology.com\\\/fr\\\/#website\",\"url\":\"https:\\\/\\\/kccpositivebusinesspsychology.com\\\/fr\\\/\",\"name\":\"KCC Positive Business Psychology\",\"description\":\"Attirer, D\u00e9velopper et Retenir les Meilleurs Talents !\",\"publisher\":{\"@id\":\"https:\\\/\\\/kccpositivebusinesspsychology.com\\\/fr\\\/#organization\"},\"potentialAction\":[{\"@type\":\"SearchAction\",\"target\":{\"@type\":\"EntryPoint\",\"urlTemplate\":\"https:\\\/\\\/kccpositivebusinesspsychology.com\\\/fr\\\/?s={search_term_string}\"},\"query-input\":{\"@type\":\"PropertyValueSpecification\",\"valueRequired\":true,\"valueName\":\"search_term_string\"}}],\"inLanguage\":\"fr-FR\"},{\"@type\":\"Organization\",\"@id\":\"https:\\\/\\\/kccpositivebusinesspsychology.com\\\/fr\\\/#organization\",\"name\":\"KCC Psychologie positive organisationnelle\",\"url\":\"https:\\\/\\\/kccpositivebusinesspsychology.com\\\/fr\\\/\",\"logo\":{\"@type\":\"ImageObject\",\"inLanguage\":\"fr-FR\",\"@id\":\"https:\\\/\\\/kccpositivebusinesspsychology.com\\\/fr\\\/#\\\/schema\\\/logo\\\/image\\\/\",\"url\":\"https:\\\/\\\/kccpositivebusinesspsychology.com\\\/wp-content\\\/uploads\\\/2019\\\/10\\\/k.png\",\"contentUrl\":\"https:\\\/\\\/kccpositivebusinesspsychology.com\\\/wp-content\\\/uploads\\\/2019\\\/10\\\/k.png\",\"width\":500,\"height\":500,\"caption\":\"KCC Psychologie positive organisationnelle\"},\"image\":{\"@id\":\"https:\\\/\\\/kccpositivebusinesspsychology.com\\\/fr\\\/#\\\/schema\\\/logo\\\/image\\\/\"},\"sameAs\":[\"https:\\\/\\\/www.facebook.com\\\/KeladaCC\\\/\",\"https:\\\/\\\/x.com\\\/ikelada\",\"https:\\\/\\\/www.instagram.com\\\/ikelada21days\\\/\",\"https:\\\/\\\/www.linkedin.com\\\/in\\\/ingridkelada\\\/\",\"https:\\\/\\\/www.pinterest.com\\\/21daystohappiness\\\/\",\"https:\\\/\\\/www.youtube.com\\\/channel\\\/UCSUlaj4G8EmrDurlLV-FF7w\"]}]}<\/script>\n<!-- \/ Yoast SEO plugin. -->","yoast_head_json":{"title":"DISC (Quelle est votre couleur?) \u2013 Rapport Abr\u00e9g\u00e9 Enfant &#8211; KCC Positive Business Psychology","robots":{"index":"index","follow":"follow","max-snippet":"max-snippet:-1","max-image-preview":"max-image-preview:large","max-video-preview":"max-video-preview:-1"},"canonical":"https:\/\/kccpositivebusinesspsychology.com\/fr\/produit\/disc-quelle-est-votre-couleur-rapport-abrege-enfant\/","og_locale":"fr_FR","og_type":"article","og_title":"DISC (Quelle est votre couleur?) \u2013 Rapport Abr\u00e9g\u00e9 Enfant &#8211; KCC Positive Business Psychology","og_description":"L'\u00e9valuation en ligne est bas\u00e9e sur des sc\u00e8nes amusantes avec des personnages de robots dans diff\u00e9rentes situations. Le compte rendu de ce rapport aide non seulement les enfants, mais il peut aussi aider les parents et les enseignants \u00e0 mieux comprendre et motiver un enfant.   La dur\u00e9e du test est d'environ 10 minutes  Rapport de 8 pages  D\u00e9crit le style de comportement naturel et les pr\u00e9f\u00e9rences d'un enfant  Identifie les points forts, comment l'enfant peut \u00eatre \u00e0 son meilleur et les choses importantes qu'on devrait savoir sur \u00e0 son sujet.  Fournit une section pour les parents et pour les enseignants  Cette \u00e9valuation est id\u00e9ale pour les enfants \u00e2g\u00e9s de 5 \u00e0 12 ans afin de les aider \u00e0 comprendre leur style de personnalit\u00e9 et leurs forces personnelles.","og_url":"https:\/\/kccpositivebusinesspsychology.com\/fr\/produit\/disc-quelle-est-votre-couleur-rapport-abrege-enfant\/","og_site_name":"KCC Positive Business Psychology","article_publisher":"https:\/\/www.facebook.com\/KeladaCC\/","article_modified_time":"2025-03-06T21:09:39+00:00","og_image":[{"width":458,"height":458,"url":"https:\/\/kccpositivebusinesspsychology.com\/wp-content\/uploads\/2019\/10\/ChildConcise-1.jpg","type":"image\/jpeg"}],"twitter_card":"summary_large_image","twitter_site":"@ikelada","twitter_misc":{"Dur\u00e9e de lecture estim\u00e9e":"1 minute"},"schema":{"@context":"https:\/\/schema.org","@graph":[{"@type":"WebPage","@id":"https:\/\/kccpositivebusinesspsychology.com\/fr\/produit\/disc-quelle-est-votre-couleur-rapport-abrege-enfant\/","url":"https:\/\/kccpositivebusinesspsychology.com\/fr\/produit\/disc-quelle-est-votre-couleur-rapport-abrege-enfant\/","name":"DISC (Quelle est votre couleur?) \u2013 Rapport Abr\u00e9g\u00e9 Enfant &#8211; KCC Positive Business Psychology","isPartOf":{"@id":"https:\/\/kccpositivebusinesspsychology.com\/fr\/#website"},"primaryImageOfPage":{"@id":"https:\/\/kccpositivebusinesspsychology.com\/fr\/produit\/disc-quelle-est-votre-couleur-rapport-abrege-enfant\/#primaryimage"},"image":{"@id":"https:\/\/kccpositivebusinesspsychology.com\/fr\/produit\/disc-quelle-est-votre-couleur-rapport-abrege-enfant\/#primaryimage"},"thumbnailUrl":"https:\/\/kccpositivebusinesspsychology.com\/wp-content\/uploads\/2019\/10\/ChildConcise-1.jpg","datePublished":"2019-10-14T16:16:39+00:00","dateModified":"2025-03-06T21:09:39+00:00","breadcrumb":{"@id":"https:\/\/kccpositivebusinesspsychology.com\/fr\/produit\/disc-quelle-est-votre-couleur-rapport-abrege-enfant\/#breadcrumb"},"inLanguage":"fr-FR","potentialAction":[{"@type":"ReadAction","target":["https:\/\/kccpositivebusinesspsychology.com\/fr\/produit\/disc-quelle-est-votre-couleur-rapport-abrege-enfant\/"]}]},{"@type":"ImageObject","inLanguage":"fr-FR","@id":"https:\/\/kccpositivebusinesspsychology.com\/fr\/produit\/disc-quelle-est-votre-couleur-rapport-abrege-enfant\/#primaryimage","url":"https:\/\/kccpositivebusinesspsychology.com\/wp-content\/uploads\/2019\/10\/ChildConcise-1.jpg","contentUrl":"https:\/\/kccpositivebusinesspsychology.com\/wp-content\/uploads\/2019\/10\/ChildConcise-1.jpg","width":458,"height":458},{"@type":"BreadcrumbList","@id":"https:\/\/kccpositivebusinesspsychology.com\/fr\/produit\/disc-quelle-est-votre-couleur-rapport-abrege-enfant\/#breadcrumb","itemListElement":[{"@type":"ListItem","position":1,"name":"Home","item":"https:\/\/kccpositivebusinesspsychology.com\/fr\/"},{"@type":"ListItem","position":2,"name":"Boutique","item":"https:\/\/kccpositivebusinesspsychology.com\/fr\/boutique\/"},{"@type":"ListItem","position":3,"name":"DISC (Quelle est votre couleur?) \u2013 Rapport Abr\u00e9g\u00e9 Enfant"}]},{"@type":"WebSite","@id":"https:\/\/kccpositivebusinesspsychology.com\/fr\/#website","url":"https:\/\/kccpositivebusinesspsychology.com\/fr\/","name":"KCC Positive Business Psychology","description":"Attirer, D\u00e9velopper et Retenir les Meilleurs Talents !","publisher":{"@id":"https:\/\/kccpositivebusinesspsychology.com\/fr\/#organization"},"potentialAction":[{"@type":"SearchAction","target":{"@type":"EntryPoint","urlTemplate":"https:\/\/kccpositivebusinesspsychology.com\/fr\/?s={search_term_string}"},"query-input":{"@type":"PropertyValueSpecification","valueRequired":true,"valueName":"search_term_string"}}],"inLanguage":"fr-FR"},{"@type":"Organization","@id":"https:\/\/kccpositivebusinesspsychology.com\/fr\/#organization","name":"KCC Psychologie positive organisationnelle","url":"https:\/\/kccpositivebusinesspsychology.com\/fr\/","logo":{"@type":"ImageObject","inLanguage":"fr-FR","@id":"https:\/\/kccpositivebusinesspsychology.com\/fr\/#\/schema\/logo\/image\/","url":"https:\/\/kccpositivebusinesspsychology.com\/wp-content\/uploads\/2019\/10\/k.png","contentUrl":"https:\/\/kccpositivebusinesspsychology.com\/wp-content\/uploads\/2019\/10\/k.png","width":500,"height":500,"caption":"KCC Psychologie positive organisationnelle"},"image":{"@id":"https:\/\/kccpositivebusinesspsychology.com\/fr\/#\/schema\/logo\/image\/"},"sameAs":["https:\/\/www.facebook.com\/KeladaCC\/","https:\/\/x.com\/ikelada","https:\/\/www.instagram.com\/ikelada21days\/","https:\/\/www.linkedin.com\/in\/ingridkelada\/","https:\/\/www.pinterest.com\/21daystohappiness\/","https:\/\/www.youtube.com\/channel\/UCSUlaj4G8EmrDurlLV-FF7w"]}]}},"_links":{"self":[{"href":"https:\/\/kccpositivebusinesspsychology.com\/fr\/wp-json\/wp\/v2\/product\/28206","targetHints":{"allow":["GET"]}}],"collection":[{"href":"https:\/\/kccpositivebusinesspsychology.com\/fr\/wp-json\/wp\/v2\/product"}],"about":[{"href":"https:\/\/kccpositivebusinesspsychology.com\/fr\/wp-json\/wp\/v2\/types\/product"}],"wp:featuredmedia":[{"embeddable":true,"href":"https:\/\/kccpositivebusinesspsychology.com\/fr\/wp-json\/wp\/v2\/media\/27364"}],"wp:attachment":[{"href":"https:\/\/kccpositivebusinesspsychology.com\/fr\/wp-json\/wp\/v2\/media?parent=28206"}],"wp:term":[{"taxonomy":"product_brand","embeddable":true,"href":"https:\/\/kccpositivebusinesspsychology.com\/fr\/wp-json\/wp\/v2\/product_brand?post=28206"},{"taxonomy":"product_cat","embeddable":true,"href":"https:\/\/kccpositivebusinesspsychology.com\/fr\/wp-json\/wp\/v2\/product_cat?post=28206"},{"taxonomy":"product_tag","embeddable":true,"href":"https:\/\/kccpositivebusinesspsychology.com\/fr\/wp-json\/wp\/v2\/product_tag?post=28206"}],"curies":[{"name":"wp","href":"https:\/\/api.w.org\/{rel}","templated":true}]}}