{"id":32245,"date":"2025-08-21T12:00:55","date_gmt":"2025-08-21T16:00:55","guid":{"rendered":"https:\/\/kccpositivebusinesspsychology.com\/product\/fox-du-service-a-la-clientele-a-lexperience-client\/"},"modified":"2026-02-03T12:19:02","modified_gmt":"2026-02-03T16:19:02","slug":"fox-du-service-a-la-clientele-a-lexperience-client","status":"publish","type":"product","link":"https:\/\/kccpositivebusinesspsychology.com\/fr\/produit\/fox-du-service-a-la-clientele-a-lexperience-client\/","title":{"rendered":"\ud83e\udd8a FOX &#8211; Du service \u00e0 la client\u00e8le \u00e0 l\u2019exp\u00e9rience client"},"content":{"rendered":"<p style=\"text-align: center;\"><span style=\"color: #c00000;\"><strong>FOX &#8211; FORMATION EXPRESS<\/strong><\/span><\/p>\n<p><span style=\"color: #663366;\"><strong>D\u00c9VELOPPEZ DES COMP\u00c9TENCES CL\u00c9S&#8230; EN MOINS D&rsquo;UNE HEURE!<\/strong><\/span><\/p>\n<p>Vous avez des besoins de formation mais n&rsquo;avez pas assez de temps dans votre horaire charg\u00e9? <strong>FOX<\/strong> est la solution!<\/p>\n<p>Notre formule de <strong>FO<\/strong>rmation e<strong>X<\/strong>press est sp\u00e9cialement con\u00e7ue pour les professionnels qui veulent <strong>se d\u00e9velopper sans alourdir leur emploi du temps<\/strong>.<\/p>\n<p><span style=\"color: #663366;\"><strong>POURQUOI CHOISIR FOX?<\/strong><\/span><\/p>\n<ul>\n<li>Formations de <strong>55 minutes,<\/strong> <strong>en ligne, en direct et interactif,<\/strong> con\u00e7ues et anim\u00e9es par des experts en psychologie organisationnelle ou coachs certifi\u00e9s.<\/li>\n<li>Des <strong>th\u00e8mes actuels<\/strong> en leadership, collaboration, productivit\u00e9, bien-\u00eatre et \u00e9quilibre.<\/li>\n<li><strong>FOX individuel :<\/strong> sessions pr\u00e9vues \u00e0 notre calendrier, en formule \u00ab Lunch &amp; Learn \u00bb, accessibles \u00e0 tous \u2014 on s\u2019inscrit, on se connecte, et on apprend.<\/li>\n<li><strong>FOX pour votre organisation :<\/strong> session virtuelle exclusivement pour votre groupe \u00e0 la date et l\u2019heure de votre choix. Nombre de participants illimit\u00e9. Aucune pr\u00e9paration requise : une formule cl\u00e9 en main, simple et efficace. <span style=\"color: #0000ff;\"><a style=\"color: #0000ff;\" href=\"mailto:service@kccpositivepsychology.com\">Contactez-nous !<\/a><\/span><\/li>\n<li>Offertes <strong>en fran\u00e7ais ou en anglais<\/strong>, selon notre calendrier ou les besoins de votre organisation.<\/li>\n<\/ul>\n<p>&nbsp;<\/p>\n<p><span style=\"color: #c00000;\"><strong>PLUS VOUS EN PRENEZ, PLUS VOUS \u00c9CONOMISEZ!\u00a0<\/strong><\/span><\/p>\n<ul>\n<li><strong>1 \u00e0 2 FOX<\/strong> : 59$ \/ session<\/li>\n<li><strong>3 \u00e0 5 FOX<\/strong> : 53$ \/ session<\/li>\n<li><strong>6 \u00e0 8 FOX<\/strong> : 50$ \/ session<\/li>\n<li><strong>9 FOX et plus<\/strong> : 47$ \/ session<\/li>\n<li><strong>FOX pour votre organisation<\/strong> &#8211; \u00c0 la date et l&rsquo;heure de votre choix, nombre de participants illimit\u00e9\u00a0 $995<\/li>\n<\/ul>\n<p>&nbsp;<\/p>\n<p style=\"text-align: center;\">\ud83e\udd8a <strong>Vous avez 55 minutes? FOX vous transformera. Vous vous connectez, on s\u2019occupe du reste.<\/strong> <strong>FOX, c\u2019est simple, motivant et franchement utile !<\/strong><\/p>\n","protected":false},"excerpt":{"rendered":"<p style=\"text-align: center;\"><strong>DU SERVICE \u00c0 LA CLIENT\u00c8LE \u00c0 L\u2019EXP\u00c9RIENCE CLIENT \u2013 UNE QUESTION D&rsquo;ATTITUDE<\/strong><\/p>\n<p><span style=\"color: #c00000;\"><strong>24 septembre 2026 de 12h00 pm \u00e0 12h55 pm (EST)<\/strong><\/span><\/p>\n<p>Dans l\u2019environnement hautement comp\u00e9titif que nous connaissons aujourd&rsquo;hui, ce qui m\u00e8ne \u00e0 la r\u00e9ussite et distingue une organisation est souvent la qualit\u00e9 des relations internes et l\u2019exp\u00e9rience client. Cette session vous aidera \u00e0 comprendre vos deux clients\u00a0: internes et externes et apprendre \u00e0 d\u00e9passer leurs attentes et \u00e0 garder leur loyaut\u00e9.<\/p>\n<p><em><span style=\"color: #c00000;\">*<\/span>Vous aimeriez <strong>FOX pour votre organisation<\/strong>? (\u00c0 la date et l&rsquo;heure de votre choix, nombre de participants illimit\u00e9)\u00a0 $995<\/em><\/p>\n<p><em><span style=\"color: #c00000;\">**<\/span>Vous avez<strong> manqu\u00e9 la session<\/strong> ou <strong>la date pr\u00e9vue <\/strong>ne vous convient pas? <\/em><\/p>\n<p><span style=\"color: #0000ff;\"><a style=\"color: #0000ff; text-decoration: underline;\" href=\"mailto:service@kccpositivepsychology.com\">CONTACTEZ-NOUS !<br \/>\n<\/a><br \/>\n<\/span><\/p>\n","protected":false},"featured_media":26359,"template":"","meta":{"content-type":""},"product_brand":[],"product_cat":[388,682,399],"product_tag":[],"class_list":{"0":"post-32245","1":"product","2":"type-product","3":"status-publish","4":"has-post-thumbnail","6":"product_cat-formation","7":"product_cat-fox","8":"product_cat-francais-fr","10":"first","11":"instock","12":"virtual","13":"taxable","14":"purchasable","15":"product-type-simple"},"yoast_head":"<!-- This site is optimized with the Yoast SEO plugin v27.6 - https:\/\/yoast.com\/product\/yoast-seo-wordpress\/ -->\n<title>\ud83e\udd8a FOX - Du service \u00e0 la client\u00e8le \u00e0 l\u2019exp\u00e9rience client &#8211; KCC Positive Business Psychology<\/title>\n<meta name=\"robots\" content=\"index, follow, max-snippet:-1, max-image-preview:large, max-video-preview:-1\" \/>\n<link rel=\"canonical\" href=\"https:\/\/kccpositivebusinesspsychology.com\/fr\/produit\/fox-du-service-a-la-clientele-a-lexperience-client\/\" \/>\n<meta property=\"og:locale\" content=\"fr_FR\" \/>\n<meta property=\"og:type\" content=\"article\" \/>\n<meta property=\"og:title\" content=\"\ud83e\udd8a FOX - Du service \u00e0 la client\u00e8le \u00e0 l\u2019exp\u00e9rience client &#8211; KCC Positive Business Psychology\" \/>\n<meta property=\"og:description\" content=\"DU SERVICE \u00c0 LA CLIENT\u00c8LE \u00c0 L\u2019EXP\u00c9RIENCE CLIENT \u2013 UNE QUESTION D&#039;ATTITUDE 24 septembre 2026 de 12h00 pm \u00e0 12h55 pm (EST)  Dans l\u2019environnement hautement comp\u00e9titif que nous connaissons aujourd&#039;hui, ce qui m\u00e8ne \u00e0 la r\u00e9ussite et distingue une organisation est souvent la qualit\u00e9 des relations internes et l\u2019exp\u00e9rience client. Cette session vous aidera \u00e0 comprendre vos deux clients\u00a0: internes et externes et apprendre \u00e0 d\u00e9passer leurs attentes et \u00e0 garder leur loyaut\u00e9.  *Vous aimeriez FOX pour votre organisation? (\u00c0 la date et l&#039;heure de votre choix, nombre de participants illimit\u00e9)\u00a0 $995  **Vous avez manqu\u00e9 la session ou la date pr\u00e9vue ne vous convient pas?   CONTACTEZ-NOUS !\" \/>\n<meta property=\"og:url\" content=\"https:\/\/kccpositivebusinesspsychology.com\/fr\/produit\/fox-du-service-a-la-clientele-a-lexperience-client\/\" \/>\n<meta property=\"og:site_name\" content=\"KCC Positive Business Psychology\" \/>\n<meta property=\"article:publisher\" content=\"https:\/\/www.facebook.com\/KeladaCC\/\" \/>\n<meta property=\"article:modified_time\" content=\"2026-02-03T16:19:02+00:00\" \/>\n<meta property=\"og:image\" content=\"http:\/\/kccpositivebusinesspsychology.com\/wp-content\/uploads\/2025\/02\/From-Customer-Service-to-Customer-Experience-.jpg\" \/>\n\t<meta property=\"og:image:width\" content=\"1472\" \/>\n\t<meta property=\"og:image:height\" content=\"832\" \/>\n\t<meta property=\"og:image:type\" content=\"image\/jpeg\" \/>\n<meta name=\"twitter:card\" content=\"summary_large_image\" \/>\n<meta name=\"twitter:site\" content=\"@ikelada\" \/>\n<meta name=\"twitter:label1\" content=\"Dur\u00e9e de lecture estim\u00e9e\" \/>\n\t<meta name=\"twitter:data1\" content=\"2 minutes\" \/>\n<script type=\"application\/ld+json\" class=\"yoast-schema-graph\">{\"@context\":\"https:\\\/\\\/schema.org\",\"@graph\":[{\"@type\":\"WebPage\",\"@id\":\"https:\\\/\\\/kccpositivebusinesspsychology.com\\\/fr\\\/produit\\\/fox-du-service-a-la-clientele-a-lexperience-client\\\/\",\"url\":\"https:\\\/\\\/kccpositivebusinesspsychology.com\\\/fr\\\/produit\\\/fox-du-service-a-la-clientele-a-lexperience-client\\\/\",\"name\":\"\ud83e\udd8a FOX - Du service \u00e0 la client\u00e8le \u00e0 l\u2019exp\u00e9rience client &#8211; KCC Positive Business Psychology\",\"isPartOf\":{\"@id\":\"https:\\\/\\\/kccpositivebusinesspsychology.com\\\/fr\\\/#website\"},\"primaryImageOfPage\":{\"@id\":\"https:\\\/\\\/kccpositivebusinesspsychology.com\\\/fr\\\/produit\\\/fox-du-service-a-la-clientele-a-lexperience-client\\\/#primaryimage\"},\"image\":{\"@id\":\"https:\\\/\\\/kccpositivebusinesspsychology.com\\\/fr\\\/produit\\\/fox-du-service-a-la-clientele-a-lexperience-client\\\/#primaryimage\"},\"thumbnailUrl\":\"https:\\\/\\\/kccpositivebusinesspsychology.com\\\/wp-content\\\/uploads\\\/2025\\\/02\\\/From-Customer-Service-to-Customer-Experience-.jpg\",\"datePublished\":\"2025-08-21T16:00:55+00:00\",\"dateModified\":\"2026-02-03T16:19:02+00:00\",\"breadcrumb\":{\"@id\":\"https:\\\/\\\/kccpositivebusinesspsychology.com\\\/fr\\\/produit\\\/fox-du-service-a-la-clientele-a-lexperience-client\\\/#breadcrumb\"},\"inLanguage\":\"fr-FR\",\"potentialAction\":[{\"@type\":\"ReadAction\",\"target\":[\"https:\\\/\\\/kccpositivebusinesspsychology.com\\\/fr\\\/produit\\\/fox-du-service-a-la-clientele-a-lexperience-client\\\/\"]}]},{\"@type\":\"ImageObject\",\"inLanguage\":\"fr-FR\",\"@id\":\"https:\\\/\\\/kccpositivebusinesspsychology.com\\\/fr\\\/produit\\\/fox-du-service-a-la-clientele-a-lexperience-client\\\/#primaryimage\",\"url\":\"https:\\\/\\\/kccpositivebusinesspsychology.com\\\/wp-content\\\/uploads\\\/2025\\\/02\\\/From-Customer-Service-to-Customer-Experience-.jpg\",\"contentUrl\":\"https:\\\/\\\/kccpositivebusinesspsychology.com\\\/wp-content\\\/uploads\\\/2025\\\/02\\\/From-Customer-Service-to-Customer-Experience-.jpg\",\"width\":1472,\"height\":832},{\"@type\":\"BreadcrumbList\",\"@id\":\"https:\\\/\\\/kccpositivebusinesspsychology.com\\\/fr\\\/produit\\\/fox-du-service-a-la-clientele-a-lexperience-client\\\/#breadcrumb\",\"itemListElement\":[{\"@type\":\"ListItem\",\"position\":1,\"name\":\"Home\",\"item\":\"https:\\\/\\\/kccpositivebusinesspsychology.com\\\/fr\\\/\"},{\"@type\":\"ListItem\",\"position\":2,\"name\":\"Boutique\",\"item\":\"https:\\\/\\\/kccpositivebusinesspsychology.com\\\/fr\\\/boutique\\\/\"},{\"@type\":\"ListItem\",\"position\":3,\"name\":\"\ud83e\udd8a FOX &#8211; Du service \u00e0 la client\u00e8le \u00e0 l\u2019exp\u00e9rience client\"}]},{\"@type\":\"WebSite\",\"@id\":\"https:\\\/\\\/kccpositivebusinesspsychology.com\\\/fr\\\/#website\",\"url\":\"https:\\\/\\\/kccpositivebusinesspsychology.com\\\/fr\\\/\",\"name\":\"KCC Positive Business Psychology\",\"description\":\"Attirer, D\u00e9velopper et Retenir les Meilleurs Talents !\",\"publisher\":{\"@id\":\"https:\\\/\\\/kccpositivebusinesspsychology.com\\\/fr\\\/#organization\"},\"potentialAction\":[{\"@type\":\"SearchAction\",\"target\":{\"@type\":\"EntryPoint\",\"urlTemplate\":\"https:\\\/\\\/kccpositivebusinesspsychology.com\\\/fr\\\/?s={search_term_string}\"},\"query-input\":{\"@type\":\"PropertyValueSpecification\",\"valueRequired\":true,\"valueName\":\"search_term_string\"}}],\"inLanguage\":\"fr-FR\"},{\"@type\":\"Organization\",\"@id\":\"https:\\\/\\\/kccpositivebusinesspsychology.com\\\/fr\\\/#organization\",\"name\":\"KCC Psychologie positive organisationnelle\",\"url\":\"https:\\\/\\\/kccpositivebusinesspsychology.com\\\/fr\\\/\",\"logo\":{\"@type\":\"ImageObject\",\"inLanguage\":\"fr-FR\",\"@id\":\"https:\\\/\\\/kccpositivebusinesspsychology.com\\\/fr\\\/#\\\/schema\\\/logo\\\/image\\\/\",\"url\":\"https:\\\/\\\/kccpositivebusinesspsychology.com\\\/wp-content\\\/uploads\\\/2019\\\/10\\\/k.png\",\"contentUrl\":\"https:\\\/\\\/kccpositivebusinesspsychology.com\\\/wp-content\\\/uploads\\\/2019\\\/10\\\/k.png\",\"width\":500,\"height\":500,\"caption\":\"KCC Psychologie positive organisationnelle\"},\"image\":{\"@id\":\"https:\\\/\\\/kccpositivebusinesspsychology.com\\\/fr\\\/#\\\/schema\\\/logo\\\/image\\\/\"},\"sameAs\":[\"https:\\\/\\\/www.facebook.com\\\/KeladaCC\\\/\",\"https:\\\/\\\/x.com\\\/ikelada\",\"https:\\\/\\\/www.instagram.com\\\/ikelada21days\\\/\",\"https:\\\/\\\/www.linkedin.com\\\/in\\\/ingridkelada\\\/\",\"https:\\\/\\\/www.pinterest.com\\\/21daystohappiness\\\/\",\"https:\\\/\\\/www.youtube.com\\\/channel\\\/UCSUlaj4G8EmrDurlLV-FF7w\"]}]}<\/script>\n<!-- \/ Yoast SEO plugin. -->","yoast_head_json":{"title":"\ud83e\udd8a FOX - Du service \u00e0 la client\u00e8le \u00e0 l\u2019exp\u00e9rience client &#8211; KCC Positive Business Psychology","robots":{"index":"index","follow":"follow","max-snippet":"max-snippet:-1","max-image-preview":"max-image-preview:large","max-video-preview":"max-video-preview:-1"},"canonical":"https:\/\/kccpositivebusinesspsychology.com\/fr\/produit\/fox-du-service-a-la-clientele-a-lexperience-client\/","og_locale":"fr_FR","og_type":"article","og_title":"\ud83e\udd8a FOX - Du service \u00e0 la client\u00e8le \u00e0 l\u2019exp\u00e9rience client &#8211; KCC Positive Business Psychology","og_description":"DU SERVICE \u00c0 LA CLIENT\u00c8LE \u00c0 L\u2019EXP\u00c9RIENCE CLIENT \u2013 UNE QUESTION D'ATTITUDE 24 septembre 2026 de 12h00 pm \u00e0 12h55 pm (EST)  Dans l\u2019environnement hautement comp\u00e9titif que nous connaissons aujourd'hui, ce qui m\u00e8ne \u00e0 la r\u00e9ussite et distingue une organisation est souvent la qualit\u00e9 des relations internes et l\u2019exp\u00e9rience client. Cette session vous aidera \u00e0 comprendre vos deux clients\u00a0: internes et externes et apprendre \u00e0 d\u00e9passer leurs attentes et \u00e0 garder leur loyaut\u00e9.  *Vous aimeriez FOX pour votre organisation? (\u00c0 la date et l'heure de votre choix, nombre de participants illimit\u00e9)\u00a0 $995  **Vous avez manqu\u00e9 la session ou la date pr\u00e9vue ne vous convient pas?   CONTACTEZ-NOUS !","og_url":"https:\/\/kccpositivebusinesspsychology.com\/fr\/produit\/fox-du-service-a-la-clientele-a-lexperience-client\/","og_site_name":"KCC Positive Business Psychology","article_publisher":"https:\/\/www.facebook.com\/KeladaCC\/","article_modified_time":"2026-02-03T16:19:02+00:00","og_image":[{"width":1472,"height":832,"url":"http:\/\/kccpositivebusinesspsychology.com\/wp-content\/uploads\/2025\/02\/From-Customer-Service-to-Customer-Experience-.jpg","type":"image\/jpeg"}],"twitter_card":"summary_large_image","twitter_site":"@ikelada","twitter_misc":{"Dur\u00e9e de lecture estim\u00e9e":"2 minutes"},"schema":{"@context":"https:\/\/schema.org","@graph":[{"@type":"WebPage","@id":"https:\/\/kccpositivebusinesspsychology.com\/fr\/produit\/fox-du-service-a-la-clientele-a-lexperience-client\/","url":"https:\/\/kccpositivebusinesspsychology.com\/fr\/produit\/fox-du-service-a-la-clientele-a-lexperience-client\/","name":"\ud83e\udd8a FOX - Du service \u00e0 la client\u00e8le \u00e0 l\u2019exp\u00e9rience client &#8211; KCC Positive Business Psychology","isPartOf":{"@id":"https:\/\/kccpositivebusinesspsychology.com\/fr\/#website"},"primaryImageOfPage":{"@id":"https:\/\/kccpositivebusinesspsychology.com\/fr\/produit\/fox-du-service-a-la-clientele-a-lexperience-client\/#primaryimage"},"image":{"@id":"https:\/\/kccpositivebusinesspsychology.com\/fr\/produit\/fox-du-service-a-la-clientele-a-lexperience-client\/#primaryimage"},"thumbnailUrl":"https:\/\/kccpositivebusinesspsychology.com\/wp-content\/uploads\/2025\/02\/From-Customer-Service-to-Customer-Experience-.jpg","datePublished":"2025-08-21T16:00:55+00:00","dateModified":"2026-02-03T16:19:02+00:00","breadcrumb":{"@id":"https:\/\/kccpositivebusinesspsychology.com\/fr\/produit\/fox-du-service-a-la-clientele-a-lexperience-client\/#breadcrumb"},"inLanguage":"fr-FR","potentialAction":[{"@type":"ReadAction","target":["https:\/\/kccpositivebusinesspsychology.com\/fr\/produit\/fox-du-service-a-la-clientele-a-lexperience-client\/"]}]},{"@type":"ImageObject","inLanguage":"fr-FR","@id":"https:\/\/kccpositivebusinesspsychology.com\/fr\/produit\/fox-du-service-a-la-clientele-a-lexperience-client\/#primaryimage","url":"https:\/\/kccpositivebusinesspsychology.com\/wp-content\/uploads\/2025\/02\/From-Customer-Service-to-Customer-Experience-.jpg","contentUrl":"https:\/\/kccpositivebusinesspsychology.com\/wp-content\/uploads\/2025\/02\/From-Customer-Service-to-Customer-Experience-.jpg","width":1472,"height":832},{"@type":"BreadcrumbList","@id":"https:\/\/kccpositivebusinesspsychology.com\/fr\/produit\/fox-du-service-a-la-clientele-a-lexperience-client\/#breadcrumb","itemListElement":[{"@type":"ListItem","position":1,"name":"Home","item":"https:\/\/kccpositivebusinesspsychology.com\/fr\/"},{"@type":"ListItem","position":2,"name":"Boutique","item":"https:\/\/kccpositivebusinesspsychology.com\/fr\/boutique\/"},{"@type":"ListItem","position":3,"name":"\ud83e\udd8a FOX &#8211; Du service \u00e0 la client\u00e8le \u00e0 l\u2019exp\u00e9rience client"}]},{"@type":"WebSite","@id":"https:\/\/kccpositivebusinesspsychology.com\/fr\/#website","url":"https:\/\/kccpositivebusinesspsychology.com\/fr\/","name":"KCC Positive Business Psychology","description":"Attirer, D\u00e9velopper et Retenir les Meilleurs Talents !","publisher":{"@id":"https:\/\/kccpositivebusinesspsychology.com\/fr\/#organization"},"potentialAction":[{"@type":"SearchAction","target":{"@type":"EntryPoint","urlTemplate":"https:\/\/kccpositivebusinesspsychology.com\/fr\/?s={search_term_string}"},"query-input":{"@type":"PropertyValueSpecification","valueRequired":true,"valueName":"search_term_string"}}],"inLanguage":"fr-FR"},{"@type":"Organization","@id":"https:\/\/kccpositivebusinesspsychology.com\/fr\/#organization","name":"KCC Psychologie positive organisationnelle","url":"https:\/\/kccpositivebusinesspsychology.com\/fr\/","logo":{"@type":"ImageObject","inLanguage":"fr-FR","@id":"https:\/\/kccpositivebusinesspsychology.com\/fr\/#\/schema\/logo\/image\/","url":"https:\/\/kccpositivebusinesspsychology.com\/wp-content\/uploads\/2019\/10\/k.png","contentUrl":"https:\/\/kccpositivebusinesspsychology.com\/wp-content\/uploads\/2019\/10\/k.png","width":500,"height":500,"caption":"KCC Psychologie positive organisationnelle"},"image":{"@id":"https:\/\/kccpositivebusinesspsychology.com\/fr\/#\/schema\/logo\/image\/"},"sameAs":["https:\/\/www.facebook.com\/KeladaCC\/","https:\/\/x.com\/ikelada","https:\/\/www.instagram.com\/ikelada21days\/","https:\/\/www.linkedin.com\/in\/ingridkelada\/","https:\/\/www.pinterest.com\/21daystohappiness\/","https:\/\/www.youtube.com\/channel\/UCSUlaj4G8EmrDurlLV-FF7w"]}]}},"_links":{"self":[{"href":"https:\/\/kccpositivebusinesspsychology.com\/fr\/wp-json\/wp\/v2\/product\/32245","targetHints":{"allow":["GET"]}}],"collection":[{"href":"https:\/\/kccpositivebusinesspsychology.com\/fr\/wp-json\/wp\/v2\/product"}],"about":[{"href":"https:\/\/kccpositivebusinesspsychology.com\/fr\/wp-json\/wp\/v2\/types\/product"}],"wp:featuredmedia":[{"embeddable":true,"href":"https:\/\/kccpositivebusinesspsychology.com\/fr\/wp-json\/wp\/v2\/media\/26359"}],"wp:attachment":[{"href":"https:\/\/kccpositivebusinesspsychology.com\/fr\/wp-json\/wp\/v2\/media?parent=32245"}],"wp:term":[{"taxonomy":"product_brand","embeddable":true,"href":"https:\/\/kccpositivebusinesspsychology.com\/fr\/wp-json\/wp\/v2\/product_brand?post=32245"},{"taxonomy":"product_cat","embeddable":true,"href":"https:\/\/kccpositivebusinesspsychology.com\/fr\/wp-json\/wp\/v2\/product_cat?post=32245"},{"taxonomy":"product_tag","embeddable":true,"href":"https:\/\/kccpositivebusinesspsychology.com\/fr\/wp-json\/wp\/v2\/product_tag?post=32245"}],"curies":[{"name":"wp","href":"https:\/\/api.w.org\/{rel}","templated":true}]}}